{"id":7023,"date":"2026-01-26T15:04:29","date_gmt":"2026-01-26T20:04:29","guid":{"rendered":"https:\/\/smartcentralvacuums.com\/?page_id=7023"},"modified":"2026-01-29T11:29:01","modified_gmt":"2026-01-29T16:29:01","slug":"engagements-responsables","status":"publish","type":"page","link":"https:\/\/smartcentralvacuums.com\/fr\/engagements-responsables\/","title":{"rendered":"Engagements responsables"},"content":{"rendered":"<section class=\"wpb-content-wrapper\"><p>[vc_row][vc_column][vc_custom_heading text=\u00a0\u00bbENGAGEMENTS DURABLES DE SMART\u00a0\u00bb font_container=\u00a0\u00bbtag:h1|text_align:left\u00a0\u00bb use_theme_fonts=\u00a0\u00bbyes\u00a0\u00bb][vc_column_text]<span style=\"font-weight: 400;\">Chez Smart, nous d\u00e9passons la simple conception de syst\u00e8mes d\u2019aspiration centralis\u00e9e durables. La responsabilit\u00e9 environnementale guide chacune de nos actions. De la conception \u00e0 l\u2019installation, chaque \u00e9tape t\u00e9moigne de notre volont\u00e9 d\u2019adopter des pratiques responsables et de contribuer \u00e0 la protection de notre environnement.<\/span>[\/vc_column_text][\/vc_column][\/vc_row][vc_row full_width=\u00a0\u00bbstretch_row_content\u00a0\u00bb el_class=\u00a0\u00bbatwm-how-it-works-blue-section\u00a0\u00bb css=\u00a0\u00bb.vc_custom_1765986269806{background-image: url(https:\/\/smartcentralvacuums.com\/wp-content\/uploads\/2026\/01\/1921x279_ActionsDurables.jpg?id=7045) !important;}\u00a0\u00bb el_id=\u00a0\u00bbatwm-new-home-installations\u00a0\u00bb][vc_column][vc_custom_heading text=\u00a0\u00bbACTIONS DURABLES DU QUOTIDIEN\u00a0\u00bb font_container=\u00a0\u00bbtag:h2|text_align:center\u00a0\u00bb use_theme_fonts=\u00a0\u00bbyes\u00a0\u00bb][\/vc_column][\/vc_row][vc_row el_class=\u00a0\u00bbatwm-how-it-works-content\u00a0\u00bb][vc_column width=\u00a0\u00bb1\/3&Prime;][vc_single_image image=\u00a0\u00bb7038&Prime; img_size=\u00a0\u00bbfull\u00a0\u00bb][vc_column_text]<\/p>\n<h3>Revalorisation des pi\u00e8ces usag\u00e9es<\/h3>\n<p>Lorsque des moteurs ou autres composants arrivent en fin de vie, nous nous assurons qu\u2019ils soient achemin\u00e9s vers des fili\u00e8res sp\u00e9cialis\u00e9es. Ce tri minutieux permet de valoriser au mieux les mat\u00e9riaux, prolongeant leur utilit\u00e9 tout en diminuant l\u2019impact sur l\u2019environnement.[\/vc_column_text][\/vc_column][vc_column width=\u00a0\u00bb1\/3&Prime;][vc_single_image image=\u00a0\u00bb7034&Prime; img_size=\u00a0\u00bbfull\u00a0\u00bb][vc_column_text el_class=\u00a0\u00bbatwm-scroll-url\u00a0\u00bb]<\/p>\n<h3>Communication digitale<\/h3>\n<p>Nous optimisons tous nos modes de communication. La r\u00e9duction du papier, la suppression des impressions inutiles et la limitation du transport de documents font d\u00e9sormais partie de nos pratiques. Nous favorisons les supports num\u00e9riques, notamment gr\u00e2ce aux QR codes.[\/vc_column_text][\/vc_column][vc_column width=\u00a0\u00bb1\/3&Prime;][vc_single_image image=\u00a0\u00bb7036&Prime; img_size=\u00a0\u00bbfull\u00a0\u00bb][vc_column_text el_class=\u00a0\u00bbatwm-scroll-url\u00a0\u00bb]<\/p>\n<h3>Garantir nos syst\u00e8mes durablement<\/h3>\n<p>La qualit\u00e9 et la durabilit\u00e9 de nos produits sont au centre de notre engagement. Nos syst\u00e8mes d\u2019aspiration centralis\u00e9e sont con\u00e7us pour durer et peuvent \u00eatre couverts par des garanties de 5, 10 ou 15 ans, selon le mod\u00e8le. Des performances fiables et constantes, ann\u00e9e apr\u00e8s ann\u00e9e.[\/vc_column_text][\/vc_column][\/vc_row][vc_row full_width=\u00a0\u00bbstretch_row_content\u00a0\u00bb el_class=\u00a0\u00bbatwm-how-it-works-blue-section\u00a0\u00bb css=\u00a0\u00bb.vc_custom_1765918827670{background-image: url(https:\/\/smartcentralvacuums.com\/wp-content\/uploads\/2026\/01\/1921x279_AccompagnementClients-1.jpg?id=7064) !important;}\u00a0\u00bb el_id=\u00a0\u00bbatwm-existing-home-installation\u00a0\u00bb][vc_column][vc_custom_heading text=\u00a0\u00bbACCOMPAGNEMENT DE NOS CLIENTS\u00a0\u00bb font_container=\u00a0\u00bbtag:h2|text_align:center\u00a0\u00bb use_theme_fonts=\u00a0\u00bbyes\u00a0\u00bb][\/vc_column][\/vc_row][vc_row el_class=\u00a0\u00bbatwm-how-it-works-content\u00a0\u00bb][vc_column width=\u00a0\u00bb1\/2&Prime;][vc_single_image image=\u00a0\u00bb7040&Prime; img_size=\u00a0\u00bbfull\u00a0\u00bb][vc_column_text]<\/p>\n<h3>Encourager la maintenance pr\u00e9ventive<\/h3>\n<p>Lors de l\u2019achat de votre syst\u00e8me Smart, nous pouvons vous envoyer des rappels personnalis\u00e9s pour entretenir votre appareil ou remplacer vos sacs et filtres, afin d\u2019assurer des performances optimales et une dur\u00e9e de vie prolong\u00e9e.[\/vc_column_text][\/vc_column][vc_column width=\u00a0\u00bb1\/2&Prime;][vc_single_image image=\u00a0\u00bb7042&Prime; img_size=\u00a0\u00bbfull\u00a0\u00bb][vc_column_text]<\/p>\n<h3>Soutenir nos partenaires professionnels<\/h3>\n<p>Notre r\u00e9seau de marchands dispose de tous les documents n\u00e9cessaires pour r\u00e9parer et entretenir vos syst\u00e8mes, enti\u00e8rement en format num\u00e9rique. Cette organisation leur permet de vous accueillir efficacement et de maximiser la dur\u00e9e de vie de vos produits Smart.[\/vc_column_text][\/vc_column][\/vc_row][vc_row full_width=\u00a0\u00bbstretch_row_content\u00a0\u00bb el_class=\u00a0\u00bbatwm-how-it-works-blue-section\u00a0\u00bb css=\u00a0\u00bb.vc_custom_1765918840426{background-image: url(https:\/\/smartcentralvacuums.com\/wp-content\/uploads\/2026\/01\/1921x279_MouvementEcodurable.jpg?id=7052) !important;}\u00a0\u00bb][vc_column][vc_custom_heading text=\u00a0\u00bbSMART ENDOSSE LE MOUVEMENT \u00c9CODURABLE\u00a0\u00bb font_container=\u00a0\u00bbtag:h2|text_align:center\u00a0\u00bb use_theme_fonts=\u00a0\u00bbyes\u00a0\u00bb][\/vc_column][\/vc_row][vc_row el_class=\u00a0\u00bbpy-5&Prime;][vc_column width=\u00a0\u00bb1\/2&Prime;][vc_single_image image=\u00a0\u00bb7057&Prime; img_size=\u00a0\u00bbfull\u00a0\u00bb alignment=\u00a0\u00bbcenter\u00a0\u00bb][vc_custom_heading text=\u00a0\u00bbMOUVEMENT \u00c9CODURABLE\u00a0\u00bb font_container=\u00a0\u00bbtag:h2|text_align:center\u00a0\u00bb use_theme_fonts=\u00a0\u00bbyes\u00a0\u00bb][vc_column_text el_class=\u00a0\u00bbpy-2&Prime;]<\/p>\n<p style=\"text-align: center;\">Ensemble pour un avenir durable.<\/p>\n<p>[\/vc_column_text][vc_btn title=\u00a0\u00bbEN SAVOIR PLUS\u00a0\u00bb style=\u00a0\u00bboutline-custom\u00a0\u00bb outline_custom_color=\u00a0\u00bb#74bd43&Prime; outline_custom_hover_background=\u00a0\u00bb#74bd43&Prime; outline_custom_hover_text=\u00a0\u00bb#ffffff\u00a0\u00bb shape=\u00a0\u00bbsquare\u00a0\u00bb align=\u00a0\u00bbcenter\u00a0\u00bb link=\u00a0\u00bburl:%2Ffr%2Fmouvement-ecodurable%2F|title:Visit%20Retractable%20systems\u00a0\u00bb el_class=\u00a0\u00bbproduct-learn-more\u00a0\u00bb][\/vc_column][vc_column width=\u00a0\u00bb1\/2&Prime;][vc_single_image image=\u00a0\u00bb7048&Prime; img_size=\u00a0\u00bbfull\u00a0\u00bb alignment=\u00a0\u00bbcenter\u00a0\u00bb][vc_custom_heading text=\u00a0\u00bbBESOIN D&rsquo;INFORMATIONS?\u00a0\u00bb font_container=\u00a0\u00bbtag:h2|text_align:center\u00a0\u00bb use_theme_fonts=\u00a0\u00bbyes\u00a0\u00bb][vc_column_text el_class=\u00a0\u00bbpy-2&Prime;]<\/p>\n<p style=\"text-align: center;\">Parlez \u00e0 un marchand pr\u00e8s de chez vous.<\/p>\n<p>[\/vc_column_text][vc_btn title=\u00a0\u00bbTROUVER UN MARCHAND\u00a0\u00bb style=\u00a0\u00bboutline-custom\u00a0\u00bb outline_custom_color=\u00a0\u00bb#74bd43&Prime; outline_custom_hover_background=\u00a0\u00bb#74bd43&Prime; outline_custom_hover_text=\u00a0\u00bb#ffffff\u00a0\u00bb shape=\u00a0\u00bbsquare\u00a0\u00bb align=\u00a0\u00bbcenter\u00a0\u00bb el_class=\u00a0\u00bbproduct-learn-more\u00a0\u00bb link=\u00a0\u00bburl:%2Ffr%2Fou-acheter%2F|title:Where%20To%20Buy\u00a0\u00bb][\/vc_column][\/vc_row]<\/p>\n<\/section>","protected":false},"excerpt":{"rendered":"<p>[vc_row][vc_column][vc_custom_heading text=\u00a0\u00bbENGAGEMENTS DURABLES DE SMART\u00a0\u00bb font_container=\u00a0\u00bbtag:h1|text_align:left\u00a0\u00bb use_theme_fonts=\u00a0\u00bbyes\u00a0\u00bb][vc_column_text]Chez Smart, nous d\u00e9passons la simple conception de syst\u00e8mes d\u2019aspiration centralis\u00e9e durables. La responsabilit\u00e9 environnementale guide chacune de nos actions. De la conception \u00e0 l\u2019installation, chaque \u00e9tape t\u00e9moigne de notre volont\u00e9 d\u2019adopter des pratiques responsables et de contribuer \u00e0 la protection de notre environnement.[\/vc_column_text][\/vc_column][\/vc_row][vc_row full_width=\u00a0\u00bbstretch_row_content\u00a0\u00bb el_class=\u00a0\u00bbatwm-how-it-works-blue-section\u00a0\u00bb css=\u00a0\u00bb.vc_custom_1765986269806{background-image: url(https:\/\/smartcentralvacuums.com\/wp-content\/uploads\/2026\/01\/1921x279_ActionsDurables.jpg?id=7045) !important;}\u00a0\u00bb [&hellip;]<\/p>\n","protected":false},"author":10,"featured_media":0,"parent":0,"menu_order":0,"comment_status":"closed","ping_status":"closed","template":"","meta":[],"yoast_head":"<!-- This site is optimized with the Yoast SEO plugin v20.8 - https:\/\/yoast.com\/wordpress\/plugins\/seo\/ -->\n<title>Engagements responsables - SMART<\/title>\n<meta name=\"robots\" content=\"index, follow, max-snippet:-1, max-image-preview:large, max-video-preview:-1\" \/>\n<link rel=\"canonical\" href=\"https:\/\/smartcentralvacuums.com\/fr\/engagements-responsables\/\" \/>\n<meta property=\"og:locale\" content=\"fr_FR\" \/>\n<meta property=\"og:type\" content=\"article\" \/>\n<meta property=\"og:title\" content=\"Engagements responsables - SMART\" \/>\n<meta property=\"og:description\" content=\"[vc_row][vc_column][vc_custom_heading text=\u00a0\u00bbENGAGEMENTS DURABLES DE SMART\u00a0\u00bb font_container=\u00a0\u00bbtag:h1|text_align:left\u00a0\u00bb use_theme_fonts=\u00a0\u00bbyes\u00a0\u00bb][vc_column_text]Chez Smart, nous d\u00e9passons la simple conception de syst\u00e8mes d\u2019aspiration centralis\u00e9e durables. La responsabilit\u00e9 environnementale guide chacune de nos actions. De la conception \u00e0 l\u2019installation, chaque \u00e9tape t\u00e9moigne de notre volont\u00e9 d\u2019adopter des pratiques responsables et de contribuer \u00e0 la protection de notre environnement.[\/vc_column_text][\/vc_column][\/vc_row][vc_row full_width=\u00a0\u00bbstretch_row_content\u00a0\u00bb el_class=\u00a0\u00bbatwm-how-it-works-blue-section\u00a0\u00bb css=\u00a0\u00bb.vc_custom_1765986269806{background-image: url(https:\/\/smartcentralvacuums.com\/wp-content\/uploads\/2026\/01\/1921x279_ActionsDurables.jpg?id=7045) !important;}\u00a0\u00bb [&hellip;]\" \/>\n<meta property=\"og:url\" content=\"https:\/\/smartcentralvacuums.com\/fr\/engagements-responsables\/\" \/>\n<meta property=\"og:site_name\" content=\"SMART\" \/>\n<meta property=\"article:modified_time\" content=\"2026-01-29T16:29:01+00:00\" \/>\n<meta name=\"twitter:card\" content=\"summary_large_image\" \/>\n<meta name=\"twitter:label1\" content=\"Dur\u00e9e de lecture estim\u00e9e\" \/>\n\t<meta name=\"twitter:data1\" content=\"2 minutes\" \/>\n<script type=\"application\/ld+json\" class=\"yoast-schema-graph\">{\"@context\":\"https:\/\/schema.org\",\"@graph\":[{\"@type\":\"WebPage\",\"@id\":\"https:\/\/smartcentralvacuums.com\/fr\/engagements-responsables\/\",\"url\":\"https:\/\/smartcentralvacuums.com\/fr\/engagements-responsables\/\",\"name\":\"Engagements responsables - SMART\",\"isPartOf\":{\"@id\":\"https:\/\/smartcentralvacuums.com\/#website\"},\"datePublished\":\"2026-01-26T20:04:29+00:00\",\"dateModified\":\"2026-01-29T16:29:01+00:00\",\"breadcrumb\":{\"@id\":\"https:\/\/smartcentralvacuums.com\/fr\/engagements-responsables\/#breadcrumb\"},\"inLanguage\":\"fr-FR\",\"potentialAction\":[{\"@type\":\"ReadAction\",\"target\":[\"https:\/\/smartcentralvacuums.com\/fr\/engagements-responsables\/\"]}]},{\"@type\":\"BreadcrumbList\",\"@id\":\"https:\/\/smartcentralvacuums.com\/fr\/engagements-responsables\/#breadcrumb\",\"itemListElement\":[{\"@type\":\"ListItem\",\"position\":1,\"name\":\"Home\",\"item\":\"https:\/\/smartcentralvacuums.com\/fr\/\"},{\"@type\":\"ListItem\",\"position\":2,\"name\":\"Engagements responsables\"}]},{\"@type\":\"WebSite\",\"@id\":\"https:\/\/smartcentralvacuums.com\/#website\",\"url\":\"https:\/\/smartcentralvacuums.com\/\",\"name\":\"SMART\",\"description\":\"Central Vacuum Systems\",\"potentialAction\":[{\"@type\":\"SearchAction\",\"target\":{\"@type\":\"EntryPoint\",\"urlTemplate\":\"https:\/\/smartcentralvacuums.com\/?s={search_term_string}\"},\"query-input\":\"required name=search_term_string\"}],\"inLanguage\":\"fr-FR\"}]}<\/script>\n<!-- \/ Yoast SEO plugin. -->","yoast_head_json":{"title":"Engagements responsables - SMART","robots":{"index":"index","follow":"follow","max-snippet":"max-snippet:-1","max-image-preview":"max-image-preview:large","max-video-preview":"max-video-preview:-1"},"canonical":"https:\/\/smartcentralvacuums.com\/fr\/engagements-responsables\/","og_locale":"fr_FR","og_type":"article","og_title":"Engagements responsables - SMART","og_description":"[vc_row][vc_column][vc_custom_heading text=\u00a0\u00bbENGAGEMENTS DURABLES DE SMART\u00a0\u00bb font_container=\u00a0\u00bbtag:h1|text_align:left\u00a0\u00bb use_theme_fonts=\u00a0\u00bbyes\u00a0\u00bb][vc_column_text]Chez Smart, nous d\u00e9passons la simple conception de syst\u00e8mes d\u2019aspiration centralis\u00e9e durables. La responsabilit\u00e9 environnementale guide chacune de nos actions. De la conception \u00e0 l\u2019installation, chaque \u00e9tape t\u00e9moigne de notre volont\u00e9 d\u2019adopter des pratiques responsables et de contribuer \u00e0 la protection de notre environnement.[\/vc_column_text][\/vc_column][\/vc_row][vc_row full_width=\u00a0\u00bbstretch_row_content\u00a0\u00bb el_class=\u00a0\u00bbatwm-how-it-works-blue-section\u00a0\u00bb css=\u00a0\u00bb.vc_custom_1765986269806{background-image: url(https:\/\/smartcentralvacuums.com\/wp-content\/uploads\/2026\/01\/1921x279_ActionsDurables.jpg?id=7045) !important;}\u00a0\u00bb [&hellip;]","og_url":"https:\/\/smartcentralvacuums.com\/fr\/engagements-responsables\/","og_site_name":"SMART","article_modified_time":"2026-01-29T16:29:01+00:00","twitter_card":"summary_large_image","twitter_misc":{"Dur\u00e9e de lecture estim\u00e9e":"2 minutes"},"schema":{"@context":"https:\/\/schema.org","@graph":[{"@type":"WebPage","@id":"https:\/\/smartcentralvacuums.com\/fr\/engagements-responsables\/","url":"https:\/\/smartcentralvacuums.com\/fr\/engagements-responsables\/","name":"Engagements responsables - SMART","isPartOf":{"@id":"https:\/\/smartcentralvacuums.com\/#website"},"datePublished":"2026-01-26T20:04:29+00:00","dateModified":"2026-01-29T16:29:01+00:00","breadcrumb":{"@id":"https:\/\/smartcentralvacuums.com\/fr\/engagements-responsables\/#breadcrumb"},"inLanguage":"fr-FR","potentialAction":[{"@type":"ReadAction","target":["https:\/\/smartcentralvacuums.com\/fr\/engagements-responsables\/"]}]},{"@type":"BreadcrumbList","@id":"https:\/\/smartcentralvacuums.com\/fr\/engagements-responsables\/#breadcrumb","itemListElement":[{"@type":"ListItem","position":1,"name":"Home","item":"https:\/\/smartcentralvacuums.com\/fr\/"},{"@type":"ListItem","position":2,"name":"Engagements responsables"}]},{"@type":"WebSite","@id":"https:\/\/smartcentralvacuums.com\/#website","url":"https:\/\/smartcentralvacuums.com\/","name":"SMART","description":"Central Vacuum Systems","potentialAction":[{"@type":"SearchAction","target":{"@type":"EntryPoint","urlTemplate":"https:\/\/smartcentralvacuums.com\/?s={search_term_string}"},"query-input":"required name=search_term_string"}],"inLanguage":"fr-FR"}]}},"_links":{"self":[{"href":"https:\/\/smartcentralvacuums.com\/fr\/wp-json\/wp\/v2\/pages\/7023"}],"collection":[{"href":"https:\/\/smartcentralvacuums.com\/fr\/wp-json\/wp\/v2\/pages"}],"about":[{"href":"https:\/\/smartcentralvacuums.com\/fr\/wp-json\/wp\/v2\/types\/page"}],"author":[{"embeddable":true,"href":"https:\/\/smartcentralvacuums.com\/fr\/wp-json\/wp\/v2\/users\/10"}],"replies":[{"embeddable":true,"href":"https:\/\/smartcentralvacuums.com\/fr\/wp-json\/wp\/v2\/comments?post=7023"}],"version-history":[{"count":7,"href":"https:\/\/smartcentralvacuums.com\/fr\/wp-json\/wp\/v2\/pages\/7023\/revisions"}],"predecessor-version":[{"id":7067,"href":"https:\/\/smartcentralvacuums.com\/fr\/wp-json\/wp\/v2\/pages\/7023\/revisions\/7067"}],"wp:attachment":[{"href":"https:\/\/smartcentralvacuums.com\/fr\/wp-json\/wp\/v2\/media?parent=7023"}],"curies":[{"name":"wp","href":"https:\/\/api.w.org\/{rel}","templated":true}]}}