{"id":6553,"date":"2025-10-30T15:44:43","date_gmt":"2025-10-30T19:44:43","guid":{"rendered":"https:\/\/smartcentralvacuums.com\/?page_id=6553"},"modified":"2025-10-30T16:07:39","modified_gmt":"2025-10-30T20:07:39","slug":"qualite-de-lair","status":"publish","type":"page","link":"https:\/\/smartcentralvacuums.com\/fr\/qualite-de-lair\/","title":{"rendered":"Qualit\u00e9 de l&rsquo;air"},"content":{"rendered":"<section class=\"wpb-content-wrapper\"><p>[vc_row][vc_column][vc_single_image image=\u00a0\u00bb6521&Prime; img_size=\u00a0\u00bbfull\u00a0\u00bb][\/vc_column][\/vc_row][vc_row][vc_column][vc_custom_heading text=\u00a0\u00bbPOURQUOI ET COMMENT LA QUALIT\u00c9 DE L\u2019AIR INT\u00c9RIEUR EST-ELLE MEILLEURE AVEC UN ASPIRATEUR CENTRAL?\u00a0\u00bb font_container=\u00a0\u00bbtag:h2|text_align:center\u00a0\u00bb use_theme_fonts=\u00a0\u00bbyes\u00a0\u00bb][\/vc_column][\/vc_row][vc_row][vc_column][vc_separator][\/vc_column][\/vc_row][vc_row][vc_column][vc_column_text]La qualit\u00e9 de l\u2019air int\u00e9rieur joue un r\u00f4le crucial pour la sant\u00e9 et peut \u00eatre consid\u00e9rablement alt\u00e9r\u00e9e lors de l\u2019utilisation d\u2019un aspirateur traditionnel. Les aspirateurs centraux contribuent \u00e0 am\u00e9liorer cette qualit\u00e9 de mani\u00e8re significative. Voici les raisons.[\/vc_column_text][vc_column_text]<\/p>\n<h5>Aucune poussi\u00e8re rejet\u00e9e dans les pi\u00e8ces de vie<\/h5>\n<p>L\u2019unit\u00e9 centrale d\u2019un syst\u00e8me d\u2019aspiration centralis\u00e9e est <b>install\u00e9e \u00e0 l\u2019\u00e9cart des zones de vie<\/b>, g\u00e9n\u00e9ralement dans un garage, un sous-sol ou une buanderie. Cette configuration permet d\u2019\u00e9vacuer l\u2019air aspir\u00e9 vers l\u2019ext\u00e9rieur, assurant une qualit\u00e9 de l\u2019air nettement sup\u00e9rieure \u00e0 celle obtenue avec un aspirateur traditionnel.<br \/>\n[\/vc_column_text][vc_column_text]<\/p>\n<h5>R\u00e9duction des allerg\u00e8nes et micro-particules<\/h5>\n<p>Les allerg\u00e8nes courants (acariens, poils d\u2019animaux, spores de moisissures, pollens, etc.) sont souvent trop petits pour \u00eatre totalement captur\u00e9s par les aspirateurs portables. Gr\u00e2ce \u00e0 sa puissance d\u2019aspiration \u00e9lev\u00e9e et \u00e0 son syst\u00e8me de filtration efficace, l\u2019aspirateur central les retient et les \u00e9limine de mani\u00e8re optimale.<br \/>\n[\/vc_column_text][vc_column_text]<\/p>\n<h5>Un nettoyage en profondeur<\/h5>\n<p>Les moteurs puissants des aspirateurs centraux offrent une aspiration tr\u00e8s performante, capable de retirer en profondeur poussi\u00e8re, allerg\u00e8nes et particules invisibles, m\u00eame sur les moquettes et tapis. Le r\u00e9sultat est un int\u00e9rieur \u00e0 la fois plus propre et plus sain.<br \/>\n[\/vc_column_text][vc_column_text]<\/p>\n<h5>R\u00e9duction de la pollution secondaire<\/h5>\n<p>Les aspirateurs classiques lib\u00e8rent souvent de fines poussi\u00e8res qu\u2019ils ne retiennent pas totalement, lesquelles se d\u00e9posent rapidement sur les surfaces et participent \u00e0 la recontamination de l\u2019air int\u00e9rieur. Install\u00e9 de mani\u00e8re strat\u00e9gique, l\u2019aspirateur central diminue fortement ce risque de pollution secondaire.<br \/>\n[\/vc_column_text][\/vc_column][\/vc_row][vc_row][vc_column width=\u00a0\u00bb1\/4&Prime;][\/vc_column][vc_column width=\u00a0\u00bb1\/2&Prime;][vc_single_image image=\u00a0\u00bb6531&Prime; alignment=\u00a0\u00bbcenter\u00a0\u00bb][vc_custom_heading text=\u00a0\u00bbMOUVEMENT \u00c9CODURABLE\u00a0\u00bb font_container=\u00a0\u00bbtag:h2|text_align:center\u00a0\u00bb use_theme_fonts=\u00a0\u00bbyes\u00a0\u00bb][vc_separator][vc_column_text]<\/p>\n<p style=\"text-align: center;\">D\u00e9couvrez comment le syst\u00e8me d\u2019aspiration central allie puissance, durabilit\u00e9 et respect de l\u2019environnement. Un choix intelligent pour une maison plus propre et une plan\u00e8te plus verte.<\/p>\n<p>[\/vc_column_text][vc_btn title=\u00a0\u00bbEN SAVOIR PLUS\u00a0\u00bb style=\u00a0\u00bboutline-custom\u00a0\u00bb outline_custom_color=\u00a0\u00bb#74bd44&Prime; outline_custom_hover_background=\u00a0\u00bb#74bd44&Prime; outline_custom_hover_text=\u00a0\u00bb#ffffff\u00a0\u00bb shape=\u00a0\u00bbsquare\u00a0\u00bb align=\u00a0\u00bbcenter\u00a0\u00bb el_class=\u00a0\u00bbproduct-learn-more\u00a0\u00bb link=\u00a0\u00bburl:https%3A%2F%2Fsmartcentralvacuums.com%2Ffr%2Fmouvement-ecodurable%2F|title:Mouvement%20%C3%89codurable\u00a0\u00bb][\/vc_column][vc_column width=\u00a0\u00bb1\/4&Prime;][\/vc_column][\/vc_row]<\/p>\n<\/section>","protected":false},"excerpt":{"rendered":"<p>[vc_row][vc_column][vc_single_image image=\u00a0\u00bb6521&Prime; img_size=\u00a0\u00bbfull\u00a0\u00bb][\/vc_column][\/vc_row][vc_row][vc_column][vc_custom_heading text=\u00a0\u00bbPOURQUOI ET COMMENT LA QUALIT\u00c9 DE L\u2019AIR INT\u00c9RIEUR EST-ELLE MEILLEURE AVEC UN ASPIRATEUR CENTRAL?\u00a0\u00bb font_container=\u00a0\u00bbtag:h2|text_align:center\u00a0\u00bb use_theme_fonts=\u00a0\u00bbyes\u00a0\u00bb][\/vc_column][\/vc_row][vc_row][vc_column][vc_separator][\/vc_column][\/vc_row][vc_row][vc_column][vc_column_text]La qualit\u00e9 de l\u2019air int\u00e9rieur joue un r\u00f4le crucial pour la sant\u00e9 et peut \u00eatre consid\u00e9rablement alt\u00e9r\u00e9e lors de l\u2019utilisation d\u2019un aspirateur traditionnel. Les aspirateurs centraux contribuent \u00e0 am\u00e9liorer cette qualit\u00e9 de mani\u00e8re significative. Voici les raisons.[\/vc_column_text][vc_column_text] [&hellip;]<\/p>\n","protected":false},"author":10,"featured_media":0,"parent":0,"menu_order":0,"comment_status":"closed","ping_status":"closed","template":"","meta":[],"yoast_head":"<!-- This site is optimized with the Yoast SEO plugin v20.8 - https:\/\/yoast.com\/wordpress\/plugins\/seo\/ -->\n<title>Qualit\u00e9 de l&#039;air - SMART<\/title>\n<meta name=\"robots\" content=\"index, follow, max-snippet:-1, max-image-preview:large, max-video-preview:-1\" \/>\n<link rel=\"canonical\" href=\"https:\/\/smartcentralvacuums.com\/fr\/qualite-de-lair\/\" \/>\n<meta property=\"og:locale\" content=\"fr_FR\" \/>\n<meta property=\"og:type\" content=\"article\" \/>\n<meta property=\"og:title\" content=\"Qualit\u00e9 de l&#039;air - SMART\" \/>\n<meta property=\"og:description\" content=\"[vc_row][vc_column][vc_single_image image=\u00a0\u00bb6521&Prime; img_size=\u00a0\u00bbfull\u00a0\u00bb][\/vc_column][\/vc_row][vc_row][vc_column][vc_custom_heading text=\u00a0\u00bbPOURQUOI ET COMMENT LA QUALIT\u00c9 DE L\u2019AIR INT\u00c9RIEUR EST-ELLE MEILLEURE AVEC UN ASPIRATEUR CENTRAL?\u00a0\u00bb font_container=\u00a0\u00bbtag:h2|text_align:center\u00a0\u00bb use_theme_fonts=\u00a0\u00bbyes\u00a0\u00bb][\/vc_column][\/vc_row][vc_row][vc_column][vc_separator][\/vc_column][\/vc_row][vc_row][vc_column][vc_column_text]La qualit\u00e9 de l\u2019air int\u00e9rieur joue un r\u00f4le crucial pour la sant\u00e9 et peut \u00eatre consid\u00e9rablement alt\u00e9r\u00e9e lors de l\u2019utilisation d\u2019un aspirateur traditionnel. Les aspirateurs centraux contribuent \u00e0 am\u00e9liorer cette qualit\u00e9 de mani\u00e8re significative. Voici les raisons.[\/vc_column_text][vc_column_text] [&hellip;]\" \/>\n<meta property=\"og:url\" content=\"https:\/\/smartcentralvacuums.com\/fr\/qualite-de-lair\/\" \/>\n<meta property=\"og:site_name\" content=\"SMART\" \/>\n<meta property=\"article:modified_time\" content=\"2025-10-30T20:07:39+00:00\" \/>\n<meta name=\"twitter:card\" content=\"summary_large_image\" \/>\n<meta name=\"twitter:label1\" content=\"Dur\u00e9e de lecture estim\u00e9e\" \/>\n\t<meta name=\"twitter:data1\" content=\"2 minutes\" \/>\n<script type=\"application\/ld+json\" class=\"yoast-schema-graph\">{\"@context\":\"https:\/\/schema.org\",\"@graph\":[{\"@type\":\"WebPage\",\"@id\":\"https:\/\/smartcentralvacuums.com\/fr\/qualite-de-lair\/\",\"url\":\"https:\/\/smartcentralvacuums.com\/fr\/qualite-de-lair\/\",\"name\":\"Qualit\u00e9 de l'air - SMART\",\"isPartOf\":{\"@id\":\"https:\/\/smartcentralvacuums.com\/#website\"},\"datePublished\":\"2025-10-30T19:44:43+00:00\",\"dateModified\":\"2025-10-30T20:07:39+00:00\",\"breadcrumb\":{\"@id\":\"https:\/\/smartcentralvacuums.com\/fr\/qualite-de-lair\/#breadcrumb\"},\"inLanguage\":\"fr-FR\",\"potentialAction\":[{\"@type\":\"ReadAction\",\"target\":[\"https:\/\/smartcentralvacuums.com\/fr\/qualite-de-lair\/\"]}]},{\"@type\":\"BreadcrumbList\",\"@id\":\"https:\/\/smartcentralvacuums.com\/fr\/qualite-de-lair\/#breadcrumb\",\"itemListElement\":[{\"@type\":\"ListItem\",\"position\":1,\"name\":\"Home\",\"item\":\"https:\/\/smartcentralvacuums.com\/fr\/\"},{\"@type\":\"ListItem\",\"position\":2,\"name\":\"Qualit\u00e9 de l&#8217;air\"}]},{\"@type\":\"WebSite\",\"@id\":\"https:\/\/smartcentralvacuums.com\/#website\",\"url\":\"https:\/\/smartcentralvacuums.com\/\",\"name\":\"SMART\",\"description\":\"Central Vacuum Systems\",\"potentialAction\":[{\"@type\":\"SearchAction\",\"target\":{\"@type\":\"EntryPoint\",\"urlTemplate\":\"https:\/\/smartcentralvacuums.com\/?s={search_term_string}\"},\"query-input\":\"required name=search_term_string\"}],\"inLanguage\":\"fr-FR\"}]}<\/script>\n<!-- \/ Yoast SEO plugin. -->","yoast_head_json":{"title":"Qualit\u00e9 de l'air - SMART","robots":{"index":"index","follow":"follow","max-snippet":"max-snippet:-1","max-image-preview":"max-image-preview:large","max-video-preview":"max-video-preview:-1"},"canonical":"https:\/\/smartcentralvacuums.com\/fr\/qualite-de-lair\/","og_locale":"fr_FR","og_type":"article","og_title":"Qualit\u00e9 de l'air - SMART","og_description":"[vc_row][vc_column][vc_single_image image=\u00a0\u00bb6521&Prime; img_size=\u00a0\u00bbfull\u00a0\u00bb][\/vc_column][\/vc_row][vc_row][vc_column][vc_custom_heading text=\u00a0\u00bbPOURQUOI ET COMMENT LA QUALIT\u00c9 DE L\u2019AIR INT\u00c9RIEUR EST-ELLE MEILLEURE AVEC UN ASPIRATEUR CENTRAL?\u00a0\u00bb font_container=\u00a0\u00bbtag:h2|text_align:center\u00a0\u00bb use_theme_fonts=\u00a0\u00bbyes\u00a0\u00bb][\/vc_column][\/vc_row][vc_row][vc_column][vc_separator][\/vc_column][\/vc_row][vc_row][vc_column][vc_column_text]La qualit\u00e9 de l\u2019air int\u00e9rieur joue un r\u00f4le crucial pour la sant\u00e9 et peut \u00eatre consid\u00e9rablement alt\u00e9r\u00e9e lors de l\u2019utilisation d\u2019un aspirateur traditionnel. Les aspirateurs centraux contribuent \u00e0 am\u00e9liorer cette qualit\u00e9 de mani\u00e8re significative. Voici les raisons.[\/vc_column_text][vc_column_text] [&hellip;]","og_url":"https:\/\/smartcentralvacuums.com\/fr\/qualite-de-lair\/","og_site_name":"SMART","article_modified_time":"2025-10-30T20:07:39+00:00","twitter_card":"summary_large_image","twitter_misc":{"Dur\u00e9e de lecture estim\u00e9e":"2 minutes"},"schema":{"@context":"https:\/\/schema.org","@graph":[{"@type":"WebPage","@id":"https:\/\/smartcentralvacuums.com\/fr\/qualite-de-lair\/","url":"https:\/\/smartcentralvacuums.com\/fr\/qualite-de-lair\/","name":"Qualit\u00e9 de l'air - SMART","isPartOf":{"@id":"https:\/\/smartcentralvacuums.com\/#website"},"datePublished":"2025-10-30T19:44:43+00:00","dateModified":"2025-10-30T20:07:39+00:00","breadcrumb":{"@id":"https:\/\/smartcentralvacuums.com\/fr\/qualite-de-lair\/#breadcrumb"},"inLanguage":"fr-FR","potentialAction":[{"@type":"ReadAction","target":["https:\/\/smartcentralvacuums.com\/fr\/qualite-de-lair\/"]}]},{"@type":"BreadcrumbList","@id":"https:\/\/smartcentralvacuums.com\/fr\/qualite-de-lair\/#breadcrumb","itemListElement":[{"@type":"ListItem","position":1,"name":"Home","item":"https:\/\/smartcentralvacuums.com\/fr\/"},{"@type":"ListItem","position":2,"name":"Qualit\u00e9 de l&#8217;air"}]},{"@type":"WebSite","@id":"https:\/\/smartcentralvacuums.com\/#website","url":"https:\/\/smartcentralvacuums.com\/","name":"SMART","description":"Central Vacuum Systems","potentialAction":[{"@type":"SearchAction","target":{"@type":"EntryPoint","urlTemplate":"https:\/\/smartcentralvacuums.com\/?s={search_term_string}"},"query-input":"required name=search_term_string"}],"inLanguage":"fr-FR"}]}},"_links":{"self":[{"href":"https:\/\/smartcentralvacuums.com\/fr\/wp-json\/wp\/v2\/pages\/6553"}],"collection":[{"href":"https:\/\/smartcentralvacuums.com\/fr\/wp-json\/wp\/v2\/pages"}],"about":[{"href":"https:\/\/smartcentralvacuums.com\/fr\/wp-json\/wp\/v2\/types\/page"}],"author":[{"embeddable":true,"href":"https:\/\/smartcentralvacuums.com\/fr\/wp-json\/wp\/v2\/users\/10"}],"replies":[{"embeddable":true,"href":"https:\/\/smartcentralvacuums.com\/fr\/wp-json\/wp\/v2\/comments?post=6553"}],"version-history":[{"count":6,"href":"https:\/\/smartcentralvacuums.com\/fr\/wp-json\/wp\/v2\/pages\/6553\/revisions"}],"predecessor-version":[{"id":6579,"href":"https:\/\/smartcentralvacuums.com\/fr\/wp-json\/wp\/v2\/pages\/6553\/revisions\/6579"}],"wp:attachment":[{"href":"https:\/\/smartcentralvacuums.com\/fr\/wp-json\/wp\/v2\/media?parent=6553"}],"curies":[{"name":"wp","href":"https:\/\/api.w.org\/{rel}","templated":true}]}}