{"id":6550,"date":"2025-10-30T15:43:59","date_gmt":"2025-10-30T19:43:59","guid":{"rendered":"https:\/\/smartcentralvacuums.com\/?page_id=6550"},"modified":"2026-01-26T15:10:10","modified_gmt":"2026-01-26T20:10:10","slug":"mouvement-ecodurable","status":"publish","type":"page","link":"https:\/\/smartcentralvacuums.com\/fr\/mouvement-ecodurable\/","title":{"rendered":"Mouvement \u00e9codurable"},"content":{"rendered":"<section class=\"wpb-content-wrapper\"><p>[vc_row][vc_column][vc_single_image image=\u00a0\u00bb6520&Prime; img_size=\u00a0\u00bbfull\u00a0\u00bb][vc_custom_heading text=\u00a0\u00bbASPIRATEUR CENTRAL : 4 RAISONS QUI EN FONT UN CHOIX \u00c9COLOGIQUE ET DURABLE\u00a0\u00bb font_container=\u00a0\u00bbtag:h2|text_align:center\u00a0\u00bb use_theme_fonts=\u00a0\u00bbyes\u00a0\u00bb][vc_separator][\/vc_column][\/vc_row][vc_row el_class=\u00a0\u00bbpy-5&Prime;][vc_column width=\u00a0\u00bb1\/2&Prime;][vc_custom_heading text=\u00a0\u00bbDURABILIT\u00c9 ET R\u00c9PARABILIT\u00c9 DES MAT\u00c9RIAUX\u00a0\u00bb use_theme_fonts=\u00a0\u00bbyes\u00a0\u00bb][vc_separator][vc_column_text]Les aspirateurs centraux <b>Smart<\/b> sont con\u00e7us pour garantir une long\u00e9vit\u00e9 remarquable. Gr\u00e2ce \u00e0 leurs <b>mat\u00e9riaux solides et durables<\/b>, ils maintiennent leurs performances m\u00eame apr\u00e8s de nombreuses ann\u00e9es d\u2019usage. Leur maintenance est facilit\u00e9e par notre r\u00e9seau de <b><a title=\"Trouver un marchand\" href=\"https:\/\/smartcentralvacuums.com\/fr\/ou-acheter\/\">marchands<\/a><\/b>, assurant des r\u00e9parations rapides et efficaces, quelle que soit votre r\u00e9gion.[\/vc_column_text][vc_btn title=\u00a0\u00bbEN SAVOIR PLUS\u00a0\u00bb style=\u00a0\u00bboutline-custom\u00a0\u00bb outline_custom_color=\u00a0\u00bb#74bd43&Prime; outline_custom_hover_background=\u00a0\u00bb#74bd43&Prime; outline_custom_hover_text=\u00a0\u00bb#ffffff\u00a0\u00bb shape=\u00a0\u00bbsquare\u00a0\u00bb align=\u00a0\u00bbleft\u00a0\u00bb el_class=\u00a0\u00bbproduct-learn-more\u00a0\u00bb link=\u00a0\u00bburl:https%3A%2F%2Fsmartcentralvacuums.com%2Ffr%2Fdurabilite-des-materiaux%2F|title:Where%20To%20Buy\u00a0\u00bb][\/vc_column][vc_column width=\u00a0\u00bb1\/2&Prime; el_class=\u00a0\u00bbpy-4&Prime;][vc_single_image image=\u00a0\u00bb6524&Prime; img_size=\u00a0\u00bb600&#215;300&Prime; alignment=\u00a0\u00bbcenter\u00a0\u00bb][\/vc_column][\/vc_row][vc_row el_class=\u00a0\u00bbpy-5&Prime;][vc_column width=\u00a0\u00bb1\/2&Prime; el_class=\u00a0\u00bbpy-4&Prime;][vc_single_image image=\u00a0\u00bb6528&Prime; img_size=\u00a0\u00bb600&#215;300&Prime; alignment=\u00a0\u00bbcenter\u00a0\u00bb][\/vc_column][vc_column width=\u00a0\u00bb1\/2&Prime;][vc_custom_heading text=\u00a0\u00bbQUALIT\u00c9 DE L\u2019AIR\u00a0\u00bb use_theme_fonts=\u00a0\u00bbyes\u00a0\u00bb][vc_separator][vc_column_text]Les syst\u00e8mes <b>Smart<\/b> contribuent \u00e0 un int\u00e9rieur plus sain en <b>capturant efficacement la poussi\u00e8re, les allerg\u00e8nes et les particules fines<\/b>. Ils repr\u00e9sentent la solution id\u00e9ale pour am\u00e9liorer le confort et la qualit\u00e9 de vie dans votre maison.<br \/>\n[\/vc_column_text][vc_btn title=\u00a0\u00bbEN SAVOIR PLUS\u00a0\u00bb style=\u00a0\u00bboutline-custom\u00a0\u00bb outline_custom_color=\u00a0\u00bb#74bd43&Prime; outline_custom_hover_background=\u00a0\u00bb#74bd43&Prime; outline_custom_hover_text=\u00a0\u00bb#ffffff\u00a0\u00bb shape=\u00a0\u00bbsquare\u00a0\u00bb align=\u00a0\u00bbleft\u00a0\u00bb el_class=\u00a0\u00bbproduct-learn-more\u00a0\u00bb link=\u00a0\u00bburl:https%3A%2F%2Fsmartcentralvacuums.com%2Ffr%2Fqualite-de-lair%2F|title:Where%20To%20Buy\u00a0\u00bb][\/vc_column][\/vc_row][vc_row el_class=\u00a0\u00bbpy-5&Prime;][vc_column width=\u00a0\u00bb1\/2&Prime;][vc_custom_heading text=\u00a0\u00bbCONSOMMATION R\u00c9DUITE DE SACS ET FILTRES\u00a0\u00bb use_theme_fonts=\u00a0\u00bbyes\u00a0\u00bb][vc_separator][vc_column_text]Gr\u00e2ce \u00e0 sa cuve g\u00e9n\u00e9reuse et \u00e0 ses options sans sac, l\u2019aspirateur central <b>Smart<\/b> <b>diminue fortement l\u2019usage de sacs et de filtres jetables<\/b>, r\u00e9duisant ainsi les d\u00e9chets et les co\u00fbts d\u2019entretien.<br \/>\n[\/vc_column_text][\/vc_column][vc_column width=\u00a0\u00bb1\/2&Prime; el_class=\u00a0\u00bbpy-4&Prime;][vc_single_image image=\u00a0\u00bb6530&Prime; img_size=\u00a0\u00bb600&#215;300&Prime; alignment=\u00a0\u00bbcenter\u00a0\u00bb][\/vc_column][\/vc_row][vc_row el_class=\u00a0\u00bbpy-5&Prime;][vc_column width=\u00a0\u00bb1\/2&Prime; el_class=\u00a0\u00bbpy-4&Prime;][vc_single_image image=\u00a0\u00bb6526&Prime; img_size=\u00a0\u00bb600&#215;300&Prime; alignment=\u00a0\u00bbcenter\u00a0\u00bb][\/vc_column][vc_column width=\u00a0\u00bb1\/2&Prime;][vc_custom_heading text=\u00a0\u00bb\u00c9CONOMIES D\u2019\u00c9NERGIE\u00a0\u00bb use_theme_fonts=\u00a0\u00bbyes\u00a0\u00bb][vc_separator][vc_column_text]Les aspirateurs centraux <b>Smart<\/b> combinent puissance et efficacit\u00e9 \u00e9nerg\u00e9tique. Leur performance permet de <b>nettoyer plus rapidement<\/b> tout en <b>r\u00e9duisant la consommation d\u2019\u00e9lectricit\u00e9<\/b>, offrant ainsi une option plus \u00e9cologique pour l\u2019entretien quotidien.<br \/>\n[\/vc_column_text][\/vc_column][\/vc_row][vc_row][vc_column][vc_column_text]<\/p>\n<p>[\/vc_column_text][vc_single_image image=\u00a0\u00bb6548&Prime; img_size=\u00a0\u00bblarge\u00a0\u00bb alignment=\u00a0\u00bbcenter\u00a0\u00bb][\/vc_column][\/vc_row][vc_row][vc_column width=\u00a0\u00bb1\/4&Prime;][vc_column_text]<\/p>\n<p>[\/vc_column_text][\/vc_column][vc_column width=\u00a0\u00bb1\/2&Prime;][vc_single_image image=\u00a0\u00bb6532&Prime; alignment=\u00a0\u00bbcenter\u00a0\u00bb][vc_custom_heading text=\u00a0\u00bbSMART ENDOSSE LE MOUVEMENT \u00c9CODURABLE\u00a0\u00bb font_container=\u00a0\u00bbtag:h2|text_align:center\u00a0\u00bb use_theme_fonts=\u00a0\u00bbyes\u00a0\u00bb][vc_separator][vc_column_text]<\/p>\n<p style=\"text-align: center;\">En appuyant le Mouvement \u00e9codurable, Smart r\u00e9affirme son engagement envers des pratiques responsables et respectueuses de l\u2019environnement.<\/p>\n<p>[\/vc_column_text][vc_btn title=\u00a0\u00bbEN SAVOIR PLUS\u00a0\u00bb style=\u00a0\u00bboutline-custom\u00a0\u00bb outline_custom_color=\u00a0\u00bb#74bd43&Prime; outline_custom_hover_background=\u00a0\u00bb#74bd43&Prime; outline_custom_hover_text=\u00a0\u00bb#ffffff\u00a0\u00bb shape=\u00a0\u00bbsquare\u00a0\u00bb align=\u00a0\u00bbcenter\u00a0\u00bb el_class=\u00a0\u00bbproduct-learn-more\u00a0\u00bb link=\u00a0\u00bburl:https%3A%2F%2Fsmartcentralvacuums.com%2Ffr%2Fengagements-responsables%2F|title:Garantie\u00a0\u00bb][\/vc_column][vc_column width=\u00a0\u00bb1\/4&Prime;][\/vc_column][\/vc_row]<\/p>\n<\/section>","protected":false},"excerpt":{"rendered":"<p>[vc_row][vc_column][vc_single_image image=\u00a0\u00bb6520&Prime; img_size=\u00a0\u00bbfull\u00a0\u00bb][vc_custom_heading text=\u00a0\u00bbASPIRATEUR CENTRAL : 4 RAISONS QUI EN FONT UN CHOIX \u00c9COLOGIQUE ET DURABLE\u00a0\u00bb font_container=\u00a0\u00bbtag:h2|text_align:center\u00a0\u00bb use_theme_fonts=\u00a0\u00bbyes\u00a0\u00bb][vc_separator][\/vc_column][\/vc_row][vc_row el_class=\u00a0\u00bbpy-5&Prime;][vc_column width=\u00a0\u00bb1\/2&Prime;][vc_custom_heading text=\u00a0\u00bbDURABILIT\u00c9 ET R\u00c9PARABILIT\u00c9 DES MAT\u00c9RIAUX\u00a0\u00bb use_theme_fonts=\u00a0\u00bbyes\u00a0\u00bb][vc_separator][vc_column_text]Les aspirateurs centraux Smart sont con\u00e7us pour garantir une long\u00e9vit\u00e9 remarquable. Gr\u00e2ce \u00e0 leurs mat\u00e9riaux solides et durables, ils maintiennent leurs performances m\u00eame apr\u00e8s de nombreuses ann\u00e9es d\u2019usage. Leur maintenance [&hellip;]<\/p>\n","protected":false},"author":10,"featured_media":0,"parent":0,"menu_order":0,"comment_status":"closed","ping_status":"closed","template":"","meta":[],"yoast_head":"<!-- This site is optimized with the Yoast SEO plugin v20.8 - https:\/\/yoast.com\/wordpress\/plugins\/seo\/ -->\n<title>Mouvement \u00e9codurable - SMART<\/title>\n<meta name=\"robots\" content=\"index, follow, max-snippet:-1, max-image-preview:large, max-video-preview:-1\" \/>\n<link rel=\"canonical\" href=\"https:\/\/smartcentralvacuums.com\/fr\/mouvement-ecodurable\/\" \/>\n<meta property=\"og:locale\" content=\"fr_FR\" \/>\n<meta property=\"og:type\" content=\"article\" \/>\n<meta property=\"og:title\" content=\"Mouvement \u00e9codurable - SMART\" \/>\n<meta property=\"og:description\" content=\"[vc_row][vc_column][vc_single_image image=\u00a0\u00bb6520&Prime; img_size=\u00a0\u00bbfull\u00a0\u00bb][vc_custom_heading text=\u00a0\u00bbASPIRATEUR CENTRAL : 4 RAISONS QUI EN FONT UN CHOIX \u00c9COLOGIQUE ET DURABLE\u00a0\u00bb font_container=\u00a0\u00bbtag:h2|text_align:center\u00a0\u00bb use_theme_fonts=\u00a0\u00bbyes\u00a0\u00bb][vc_separator][\/vc_column][\/vc_row][vc_row el_class=\u00a0\u00bbpy-5&Prime;][vc_column width=\u00a0\u00bb1\/2&Prime;][vc_custom_heading text=\u00a0\u00bbDURABILIT\u00c9 ET R\u00c9PARABILIT\u00c9 DES MAT\u00c9RIAUX\u00a0\u00bb use_theme_fonts=\u00a0\u00bbyes\u00a0\u00bb][vc_separator][vc_column_text]Les aspirateurs centraux Smart sont con\u00e7us pour garantir une long\u00e9vit\u00e9 remarquable. Gr\u00e2ce \u00e0 leurs mat\u00e9riaux solides et durables, ils maintiennent leurs performances m\u00eame apr\u00e8s de nombreuses ann\u00e9es d\u2019usage. Leur maintenance [&hellip;]\" \/>\n<meta property=\"og:url\" content=\"https:\/\/smartcentralvacuums.com\/fr\/mouvement-ecodurable\/\" \/>\n<meta property=\"og:site_name\" content=\"SMART\" \/>\n<meta property=\"article:modified_time\" content=\"2026-01-26T20:10:10+00:00\" \/>\n<meta name=\"twitter:card\" content=\"summary_large_image\" \/>\n<meta name=\"twitter:label1\" content=\"Dur\u00e9e de lecture estim\u00e9e\" \/>\n\t<meta name=\"twitter:data1\" content=\"2 minutes\" \/>\n<script type=\"application\/ld+json\" class=\"yoast-schema-graph\">{\"@context\":\"https:\/\/schema.org\",\"@graph\":[{\"@type\":\"WebPage\",\"@id\":\"https:\/\/smartcentralvacuums.com\/fr\/mouvement-ecodurable\/\",\"url\":\"https:\/\/smartcentralvacuums.com\/fr\/mouvement-ecodurable\/\",\"name\":\"Mouvement \u00e9codurable - SMART\",\"isPartOf\":{\"@id\":\"https:\/\/smartcentralvacuums.com\/#website\"},\"datePublished\":\"2025-10-30T19:43:59+00:00\",\"dateModified\":\"2026-01-26T20:10:10+00:00\",\"breadcrumb\":{\"@id\":\"https:\/\/smartcentralvacuums.com\/fr\/mouvement-ecodurable\/#breadcrumb\"},\"inLanguage\":\"fr-FR\",\"potentialAction\":[{\"@type\":\"ReadAction\",\"target\":[\"https:\/\/smartcentralvacuums.com\/fr\/mouvement-ecodurable\/\"]}]},{\"@type\":\"BreadcrumbList\",\"@id\":\"https:\/\/smartcentralvacuums.com\/fr\/mouvement-ecodurable\/#breadcrumb\",\"itemListElement\":[{\"@type\":\"ListItem\",\"position\":1,\"name\":\"Home\",\"item\":\"https:\/\/smartcentralvacuums.com\/fr\/\"},{\"@type\":\"ListItem\",\"position\":2,\"name\":\"Mouvement \u00e9codurable\"}]},{\"@type\":\"WebSite\",\"@id\":\"https:\/\/smartcentralvacuums.com\/#website\",\"url\":\"https:\/\/smartcentralvacuums.com\/\",\"name\":\"SMART\",\"description\":\"Central Vacuum Systems\",\"potentialAction\":[{\"@type\":\"SearchAction\",\"target\":{\"@type\":\"EntryPoint\",\"urlTemplate\":\"https:\/\/smartcentralvacuums.com\/?s={search_term_string}\"},\"query-input\":\"required name=search_term_string\"}],\"inLanguage\":\"fr-FR\"}]}<\/script>\n<!-- \/ Yoast SEO plugin. -->","yoast_head_json":{"title":"Mouvement \u00e9codurable - SMART","robots":{"index":"index","follow":"follow","max-snippet":"max-snippet:-1","max-image-preview":"max-image-preview:large","max-video-preview":"max-video-preview:-1"},"canonical":"https:\/\/smartcentralvacuums.com\/fr\/mouvement-ecodurable\/","og_locale":"fr_FR","og_type":"article","og_title":"Mouvement \u00e9codurable - SMART","og_description":"[vc_row][vc_column][vc_single_image image=\u00a0\u00bb6520&Prime; img_size=\u00a0\u00bbfull\u00a0\u00bb][vc_custom_heading text=\u00a0\u00bbASPIRATEUR CENTRAL : 4 RAISONS QUI EN FONT UN CHOIX \u00c9COLOGIQUE ET DURABLE\u00a0\u00bb font_container=\u00a0\u00bbtag:h2|text_align:center\u00a0\u00bb use_theme_fonts=\u00a0\u00bbyes\u00a0\u00bb][vc_separator][\/vc_column][\/vc_row][vc_row el_class=\u00a0\u00bbpy-5&Prime;][vc_column width=\u00a0\u00bb1\/2&Prime;][vc_custom_heading text=\u00a0\u00bbDURABILIT\u00c9 ET R\u00c9PARABILIT\u00c9 DES MAT\u00c9RIAUX\u00a0\u00bb use_theme_fonts=\u00a0\u00bbyes\u00a0\u00bb][vc_separator][vc_column_text]Les aspirateurs centraux Smart sont con\u00e7us pour garantir une long\u00e9vit\u00e9 remarquable. Gr\u00e2ce \u00e0 leurs mat\u00e9riaux solides et durables, ils maintiennent leurs performances m\u00eame apr\u00e8s de nombreuses ann\u00e9es d\u2019usage. Leur maintenance [&hellip;]","og_url":"https:\/\/smartcentralvacuums.com\/fr\/mouvement-ecodurable\/","og_site_name":"SMART","article_modified_time":"2026-01-26T20:10:10+00:00","twitter_card":"summary_large_image","twitter_misc":{"Dur\u00e9e de lecture estim\u00e9e":"2 minutes"},"schema":{"@context":"https:\/\/schema.org","@graph":[{"@type":"WebPage","@id":"https:\/\/smartcentralvacuums.com\/fr\/mouvement-ecodurable\/","url":"https:\/\/smartcentralvacuums.com\/fr\/mouvement-ecodurable\/","name":"Mouvement \u00e9codurable - SMART","isPartOf":{"@id":"https:\/\/smartcentralvacuums.com\/#website"},"datePublished":"2025-10-30T19:43:59+00:00","dateModified":"2026-01-26T20:10:10+00:00","breadcrumb":{"@id":"https:\/\/smartcentralvacuums.com\/fr\/mouvement-ecodurable\/#breadcrumb"},"inLanguage":"fr-FR","potentialAction":[{"@type":"ReadAction","target":["https:\/\/smartcentralvacuums.com\/fr\/mouvement-ecodurable\/"]}]},{"@type":"BreadcrumbList","@id":"https:\/\/smartcentralvacuums.com\/fr\/mouvement-ecodurable\/#breadcrumb","itemListElement":[{"@type":"ListItem","position":1,"name":"Home","item":"https:\/\/smartcentralvacuums.com\/fr\/"},{"@type":"ListItem","position":2,"name":"Mouvement \u00e9codurable"}]},{"@type":"WebSite","@id":"https:\/\/smartcentralvacuums.com\/#website","url":"https:\/\/smartcentralvacuums.com\/","name":"SMART","description":"Central Vacuum Systems","potentialAction":[{"@type":"SearchAction","target":{"@type":"EntryPoint","urlTemplate":"https:\/\/smartcentralvacuums.com\/?s={search_term_string}"},"query-input":"required name=search_term_string"}],"inLanguage":"fr-FR"}]}},"_links":{"self":[{"href":"https:\/\/smartcentralvacuums.com\/fr\/wp-json\/wp\/v2\/pages\/6550"}],"collection":[{"href":"https:\/\/smartcentralvacuums.com\/fr\/wp-json\/wp\/v2\/pages"}],"about":[{"href":"https:\/\/smartcentralvacuums.com\/fr\/wp-json\/wp\/v2\/types\/page"}],"author":[{"embeddable":true,"href":"https:\/\/smartcentralvacuums.com\/fr\/wp-json\/wp\/v2\/users\/10"}],"replies":[{"embeddable":true,"href":"https:\/\/smartcentralvacuums.com\/fr\/wp-json\/wp\/v2\/comments?post=6550"}],"version-history":[{"count":7,"href":"https:\/\/smartcentralvacuums.com\/fr\/wp-json\/wp\/v2\/pages\/6550\/revisions"}],"predecessor-version":[{"id":7061,"href":"https:\/\/smartcentralvacuums.com\/fr\/wp-json\/wp\/v2\/pages\/6550\/revisions\/7061"}],"wp:attachment":[{"href":"https:\/\/smartcentralvacuums.com\/fr\/wp-json\/wp\/v2\/media?parent=6550"}],"curies":[{"name":"wp","href":"https:\/\/api.w.org\/{rel}","templated":true}]}}