{"id":4362,"date":"2019-01-04T11:38:32","date_gmt":"2019-01-04T11:38:32","guid":{"rendered":"https:\/\/smartcentralvacuums.com\/?page_id=4362"},"modified":"2025-09-03T11:38:23","modified_gmt":"2025-09-03T15:38:23","slug":"sound-levels","status":"publish","type":"page","link":"https:\/\/smartcentralvacuums.com\/fr\/sound-levels\/","title":{"rendered":"Niveaux sonores"},"content":{"rendered":"<section class=\"wpb-content-wrapper\"><p>[vc_row][vc_column][vc_custom_heading text=\u00a0\u00bbNiveaux sonores\u00a0\u00bb font_container=\u00a0\u00bbtag:h1|text_align:left\u00a0\u00bb use_theme_fonts=\u00a0\u00bbyes\u00a0\u00bb][\/vc_column][\/vc_row][vc_row css=\u00a0\u00bb.vc_custom_1550492275591{margin-top: 1em !important;}\u00a0\u00bb el_class=\u00a0\u00bbatwm-gutter-3vw\u00a0\u00bb][vc_column width=\u00a0\u00bb1\/2&Prime;][vc_column_text]\u00c0 quel point un syst\u00e8me central d\u2019aspiration SMART est-il silencieux? \u00c9coutez ceci\u2026<\/p>\n<p>Un syst\u00e8me central d\u2019aspiration SMART est plus silencieux que la plupart des bruits domestiques que vous avez l\u2019habitude d\u2019entendre tous les jours. Qu\u2019est-ce que cela signifie pour vous? Cela signifie que vous pouvez ais\u00e9ment passer l\u2019aspirateur dans une pi\u00e8ce pendant que d\u2019autres activit\u00e9s s&rsquo;y d\u00e9roulent, sans d\u00e9ranger personne; que vous entendrez le t\u00e9l\u00e9phone sonner et que vous ne pourrez donc plus manquer un appel important \u2013 vous pourrez m\u00eame parler au t\u00e9l\u00e9phone en passant l\u2019aspirateur![\/vc_column_text][\/vc_column][vc_column width=\u00a0\u00bb1\/2&Prime;][vc_single_image image=\u00a0\u00bb6453&Prime; img_size=\u00a0\u00bbfull\u00a0\u00bb][\/vc_column][\/vc_row]<\/p>\n<\/section>","protected":false},"excerpt":{"rendered":"<p>[vc_row][vc_column][vc_custom_heading text=\u00a0\u00bbNiveaux sonores\u00a0\u00bb font_container=\u00a0\u00bbtag:h1|text_align:left\u00a0\u00bb use_theme_fonts=\u00a0\u00bbyes\u00a0\u00bb][\/vc_column][\/vc_row][vc_row css=\u00a0\u00bb.vc_custom_1550492275591{margin-top: 1em !important;}\u00a0\u00bb el_class=\u00a0\u00bbatwm-gutter-3vw\u00a0\u00bb][vc_column width=\u00a0\u00bb1\/2&Prime;][vc_column_text]\u00c0 quel point un syst\u00e8me central d\u2019aspiration SMART est-il silencieux? \u00c9coutez ceci\u2026 Un syst\u00e8me central d\u2019aspiration SMART est plus silencieux que la plupart des bruits domestiques que vous avez l\u2019habitude d\u2019entendre tous les jours. Qu\u2019est-ce que cela signifie pour vous? Cela signifie que vous pouvez ais\u00e9ment [&hellip;]<\/p>\n","protected":false},"author":4,"featured_media":0,"parent":0,"menu_order":0,"comment_status":"closed","ping_status":"closed","template":"","meta":[],"yoast_head":"<!-- This site is optimized with the Yoast SEO plugin v20.8 - https:\/\/yoast.com\/wordpress\/plugins\/seo\/ -->\n<title>SMART\u2026The Quiet Clean<\/title>\n<meta name=\"description\" content=\"A SMART Central Vacuum is quieter than most household noises that you are used to hearing every day. So quiet, you won\u2019t miss that important call!\" \/>\n<meta name=\"robots\" content=\"index, follow, max-snippet:-1, max-image-preview:large, max-video-preview:-1\" \/>\n<link rel=\"canonical\" href=\"https:\/\/smartcentralvacuums.com\/fr\/sound-levels\/\" \/>\n<meta property=\"og:locale\" content=\"fr_FR\" \/>\n<meta property=\"og:type\" content=\"article\" \/>\n<meta property=\"og:title\" content=\"SMART\u2026The Quiet Clean\" \/>\n<meta property=\"og:description\" content=\"A SMART Central Vacuum is quieter than most household noises that you are used to hearing every day. So quiet, you won\u2019t miss that important call!\" \/>\n<meta property=\"og:url\" content=\"https:\/\/smartcentralvacuums.com\/fr\/sound-levels\/\" \/>\n<meta property=\"og:site_name\" content=\"SMART\" \/>\n<meta property=\"article:modified_time\" content=\"2025-09-03T15:38:23+00:00\" \/>\n<meta name=\"twitter:card\" content=\"summary_large_image\" \/>\n<meta name=\"twitter:label1\" content=\"Dur\u00e9e de lecture estim\u00e9e\" \/>\n\t<meta name=\"twitter:data1\" content=\"1 minute\" \/>\n<script type=\"application\/ld+json\" class=\"yoast-schema-graph\">{\"@context\":\"https:\/\/schema.org\",\"@graph\":[{\"@type\":\"WebPage\",\"@id\":\"https:\/\/smartcentralvacuums.com\/fr\/sound-levels\/\",\"url\":\"https:\/\/smartcentralvacuums.com\/fr\/sound-levels\/\",\"name\":\"SMART\u2026The Quiet Clean\",\"isPartOf\":{\"@id\":\"https:\/\/smartcentralvacuums.com\/#website\"},\"datePublished\":\"2019-01-04T11:38:32+00:00\",\"dateModified\":\"2025-09-03T15:38:23+00:00\",\"description\":\"A SMART Central Vacuum is quieter than most household noises that you are used to hearing every day. So quiet, you won\u2019t miss that important call!\",\"breadcrumb\":{\"@id\":\"https:\/\/smartcentralvacuums.com\/fr\/sound-levels\/#breadcrumb\"},\"inLanguage\":\"fr-FR\",\"potentialAction\":[{\"@type\":\"ReadAction\",\"target\":[\"https:\/\/smartcentralvacuums.com\/fr\/sound-levels\/\"]}]},{\"@type\":\"BreadcrumbList\",\"@id\":\"https:\/\/smartcentralvacuums.com\/fr\/sound-levels\/#breadcrumb\",\"itemListElement\":[{\"@type\":\"ListItem\",\"position\":1,\"name\":\"Home\",\"item\":\"https:\/\/smartcentralvacuums.com\/fr\/\"},{\"@type\":\"ListItem\",\"position\":2,\"name\":\"Niveaux sonores\"}]},{\"@type\":\"WebSite\",\"@id\":\"https:\/\/smartcentralvacuums.com\/#website\",\"url\":\"https:\/\/smartcentralvacuums.com\/\",\"name\":\"SMART\",\"description\":\"Central Vacuum Systems\",\"potentialAction\":[{\"@type\":\"SearchAction\",\"target\":{\"@type\":\"EntryPoint\",\"urlTemplate\":\"https:\/\/smartcentralvacuums.com\/?s={search_term_string}\"},\"query-input\":\"required name=search_term_string\"}],\"inLanguage\":\"fr-FR\"}]}<\/script>\n<!-- \/ Yoast SEO plugin. -->","yoast_head_json":{"title":"SMART\u2026The Quiet Clean","description":"A SMART Central Vacuum is quieter than most household noises that you are used to hearing every day. So quiet, you won\u2019t miss that important call!","robots":{"index":"index","follow":"follow","max-snippet":"max-snippet:-1","max-image-preview":"max-image-preview:large","max-video-preview":"max-video-preview:-1"},"canonical":"https:\/\/smartcentralvacuums.com\/fr\/sound-levels\/","og_locale":"fr_FR","og_type":"article","og_title":"SMART\u2026The Quiet Clean","og_description":"A SMART Central Vacuum is quieter than most household noises that you are used to hearing every day. So quiet, you won\u2019t miss that important call!","og_url":"https:\/\/smartcentralvacuums.com\/fr\/sound-levels\/","og_site_name":"SMART","article_modified_time":"2025-09-03T15:38:23+00:00","twitter_card":"summary_large_image","twitter_misc":{"Dur\u00e9e de lecture estim\u00e9e":"1 minute"},"schema":{"@context":"https:\/\/schema.org","@graph":[{"@type":"WebPage","@id":"https:\/\/smartcentralvacuums.com\/fr\/sound-levels\/","url":"https:\/\/smartcentralvacuums.com\/fr\/sound-levels\/","name":"SMART\u2026The Quiet Clean","isPartOf":{"@id":"https:\/\/smartcentralvacuums.com\/#website"},"datePublished":"2019-01-04T11:38:32+00:00","dateModified":"2025-09-03T15:38:23+00:00","description":"A SMART Central Vacuum is quieter than most household noises that you are used to hearing every day. So quiet, you won\u2019t miss that important call!","breadcrumb":{"@id":"https:\/\/smartcentralvacuums.com\/fr\/sound-levels\/#breadcrumb"},"inLanguage":"fr-FR","potentialAction":[{"@type":"ReadAction","target":["https:\/\/smartcentralvacuums.com\/fr\/sound-levels\/"]}]},{"@type":"BreadcrumbList","@id":"https:\/\/smartcentralvacuums.com\/fr\/sound-levels\/#breadcrumb","itemListElement":[{"@type":"ListItem","position":1,"name":"Home","item":"https:\/\/smartcentralvacuums.com\/fr\/"},{"@type":"ListItem","position":2,"name":"Niveaux sonores"}]},{"@type":"WebSite","@id":"https:\/\/smartcentralvacuums.com\/#website","url":"https:\/\/smartcentralvacuums.com\/","name":"SMART","description":"Central Vacuum Systems","potentialAction":[{"@type":"SearchAction","target":{"@type":"EntryPoint","urlTemplate":"https:\/\/smartcentralvacuums.com\/?s={search_term_string}"},"query-input":"required name=search_term_string"}],"inLanguage":"fr-FR"}]}},"_links":{"self":[{"href":"https:\/\/smartcentralvacuums.com\/fr\/wp-json\/wp\/v2\/pages\/4362"}],"collection":[{"href":"https:\/\/smartcentralvacuums.com\/fr\/wp-json\/wp\/v2\/pages"}],"about":[{"href":"https:\/\/smartcentralvacuums.com\/fr\/wp-json\/wp\/v2\/types\/page"}],"author":[{"embeddable":true,"href":"https:\/\/smartcentralvacuums.com\/fr\/wp-json\/wp\/v2\/users\/4"}],"replies":[{"embeddable":true,"href":"https:\/\/smartcentralvacuums.com\/fr\/wp-json\/wp\/v2\/comments?post=4362"}],"version-history":[{"count":20,"href":"https:\/\/smartcentralvacuums.com\/fr\/wp-json\/wp\/v2\/pages\/4362\/revisions"}],"predecessor-version":[{"id":6469,"href":"https:\/\/smartcentralvacuums.com\/fr\/wp-json\/wp\/v2\/pages\/4362\/revisions\/6469"}],"wp:attachment":[{"href":"https:\/\/smartcentralvacuums.com\/fr\/wp-json\/wp\/v2\/media?parent=4362"}],"curies":[{"name":"wp","href":"https:\/\/api.w.org\/{rel}","templated":true}]}}