{"id":4360,"date":"2019-02-11T09:41:15","date_gmt":"2019-02-11T09:41:15","guid":{"rendered":"https:\/\/smartcentralvacuums.com\/?page_id=4360"},"modified":"2025-09-03T11:32:38","modified_gmt":"2025-09-03T15:32:38","slug":"filtre-autonettoyant-smart","status":"publish","type":"page","link":"https:\/\/smartcentralvacuums.com\/fr\/filtre-autonettoyant-smart\/","title":{"rendered":"Filtre autonettoyant smart"},"content":{"rendered":"<section class=\"wpb-content-wrapper\"><p>[vc_row][vc_column][vc_custom_heading text=\u00a0\u00bbFiltre autonettoyant\u00a0\u00bb font_container=\u00a0\u00bbtag:h1|text_align:left\u00a0\u00bb use_theme_fonts=\u00a0\u00bbyes\u00a0\u00bb][\/vc_column][\/vc_row][vc_row css=\u00a0\u00bb.vc_custom_1550054818686{margin-top: 1em !important;}\u00a0\u00bb][vc_column width=\u00a0\u00bb1\/2&Prime;][vc_column_text]Le filtre autonettoyant SMART conserve un haut niveau de performance.<\/p>\n<p>Les unit\u00e9s motrices SMART sont dot\u00e9es d\u2019un filtre permanent autonettoyant exclusif fait d\u2019un mat\u00e9riau filtrant con\u00e7u par les fabricants du tissu GORE-TEX.<\/p>\n<p>En utilisant des forces cycloniques pour s\u00e9parer les grosses particules de salet\u00e9 et les allerg\u00e8nes de l&rsquo;air aspir\u00e9, le filtre permanent \u00e9limine les particules aussi petites que 0,3 micron avec une efficacit\u00e9 \u00e9tonnante de 98 %.<\/p>\n<p>Les particules de poussi\u00e8re ne collent pas \u00e0 la surface du filtre autonettoyant SMART, contrairement au mat\u00e9riau filtrant classique. Et, plus important encore, aucune perte de puissance n\u2019est constat\u00e9e lorsque la cuve de r\u00e9cup\u00e9ration se remplit, ce qui permet au syst\u00e8me central d\u2019aspiration SMART de conserver un haut niveau de performance \u00e0 chaque fois qu\u2019il est utilis\u00e9.<\/p>\n<p>Le filtre autonettoyant SMART se nettoie de lui-m\u00eame lorsque le syst\u00e8me s\u2019arr\u00eate.[\/vc_column_text][\/vc_column][vc_column width=\u00a0\u00bb1\/2&Prime;][vc_single_image image=\u00a0\u00bb6447&Prime; img_size=\u00a0\u00bbfull\u00a0\u00bb][\/vc_column][\/vc_row]<\/p>\n<\/section>","protected":false},"excerpt":{"rendered":"<p>[vc_row][vc_column][vc_custom_heading text=\u00a0\u00bbFiltre autonettoyant\u00a0\u00bb font_container=\u00a0\u00bbtag:h1|text_align:left\u00a0\u00bb use_theme_fonts=\u00a0\u00bbyes\u00a0\u00bb][\/vc_column][\/vc_row][vc_row css=\u00a0\u00bb.vc_custom_1550054818686{margin-top: 1em !important;}\u00a0\u00bb][vc_column width=\u00a0\u00bb1\/2&Prime;][vc_column_text]Le filtre autonettoyant SMART conserve un haut niveau de performance. Les unit\u00e9s motrices SMART sont dot\u00e9es d\u2019un filtre permanent autonettoyant exclusif fait d\u2019un mat\u00e9riau filtrant con\u00e7u par les fabricants du tissu GORE-TEX. En utilisant des forces cycloniques pour s\u00e9parer les grosses particules de salet\u00e9 et les allerg\u00e8nes [&hellip;]<\/p>\n","protected":false},"author":4,"featured_media":0,"parent":0,"menu_order":0,"comment_status":"closed","ping_status":"closed","template":"","meta":[],"yoast_head":"<!-- This site is optimized with the Yoast SEO plugin v20.8 - https:\/\/yoast.com\/wordpress\/plugins\/seo\/ -->\n<title>Filtre autonettoyant smart<\/title>\n<meta name=\"description\" content=\"Les unit\u00e9s motrices smart sont dot\u00e9es d\u2019un filtre autonettoyant permanent exclusif fait d\u2019un mat\u00e9riau d\u00e9velopp\u00e9 par les fabricants de la toile GORE-TEX.\" \/>\n<meta name=\"robots\" content=\"index, follow, max-snippet:-1, max-image-preview:large, max-video-preview:-1\" \/>\n<link rel=\"canonical\" href=\"https:\/\/smartcentralvacuums.com\/fr\/filtre-autonettoyant-smart\/\" \/>\n<meta property=\"og:locale\" content=\"fr_FR\" \/>\n<meta property=\"og:type\" content=\"article\" \/>\n<meta property=\"og:title\" content=\"Filtre autonettoyant smart\" \/>\n<meta property=\"og:description\" content=\"Les unit\u00e9s motrices smart sont dot\u00e9es d\u2019un filtre autonettoyant permanent exclusif fait d\u2019un mat\u00e9riau d\u00e9velopp\u00e9 par les fabricants de la toile GORE-TEX.\" \/>\n<meta property=\"og:url\" content=\"https:\/\/smartcentralvacuums.com\/fr\/filtre-autonettoyant-smart\/\" \/>\n<meta property=\"og:site_name\" content=\"SMART\" \/>\n<meta property=\"article:modified_time\" content=\"2025-09-03T15:32:38+00:00\" \/>\n<meta name=\"twitter:card\" content=\"summary_large_image\" \/>\n<meta name=\"twitter:label1\" content=\"Dur\u00e9e de lecture estim\u00e9e\" \/>\n\t<meta name=\"twitter:data1\" content=\"1 minute\" \/>\n<script type=\"application\/ld+json\" class=\"yoast-schema-graph\">{\"@context\":\"https:\/\/schema.org\",\"@graph\":[{\"@type\":\"WebPage\",\"@id\":\"https:\/\/smartcentralvacuums.com\/fr\/filtre-autonettoyant-smart\/\",\"url\":\"https:\/\/smartcentralvacuums.com\/fr\/filtre-autonettoyant-smart\/\",\"name\":\"Filtre autonettoyant smart\",\"isPartOf\":{\"@id\":\"https:\/\/smartcentralvacuums.com\/#website\"},\"datePublished\":\"2019-02-11T09:41:15+00:00\",\"dateModified\":\"2025-09-03T15:32:38+00:00\",\"description\":\"Les unit\u00e9s motrices smart sont dot\u00e9es d\u2019un filtre autonettoyant permanent exclusif fait d\u2019un mat\u00e9riau d\u00e9velopp\u00e9 par les fabricants de la toile GORE-TEX.\",\"breadcrumb\":{\"@id\":\"https:\/\/smartcentralvacuums.com\/fr\/filtre-autonettoyant-smart\/#breadcrumb\"},\"inLanguage\":\"fr-FR\",\"potentialAction\":[{\"@type\":\"ReadAction\",\"target\":[\"https:\/\/smartcentralvacuums.com\/fr\/filtre-autonettoyant-smart\/\"]}]},{\"@type\":\"BreadcrumbList\",\"@id\":\"https:\/\/smartcentralvacuums.com\/fr\/filtre-autonettoyant-smart\/#breadcrumb\",\"itemListElement\":[{\"@type\":\"ListItem\",\"position\":1,\"name\":\"Home\",\"item\":\"https:\/\/smartcentralvacuums.com\/fr\/\"},{\"@type\":\"ListItem\",\"position\":2,\"name\":\"Filtre autonettoyant smart\"}]},{\"@type\":\"WebSite\",\"@id\":\"https:\/\/smartcentralvacuums.com\/#website\",\"url\":\"https:\/\/smartcentralvacuums.com\/\",\"name\":\"SMART\",\"description\":\"Central Vacuum Systems\",\"potentialAction\":[{\"@type\":\"SearchAction\",\"target\":{\"@type\":\"EntryPoint\",\"urlTemplate\":\"https:\/\/smartcentralvacuums.com\/?s={search_term_string}\"},\"query-input\":\"required name=search_term_string\"}],\"inLanguage\":\"fr-FR\"}]}<\/script>\n<!-- \/ Yoast SEO plugin. -->","yoast_head_json":{"title":"Filtre autonettoyant smart","description":"Les unit\u00e9s motrices smart sont dot\u00e9es d\u2019un filtre autonettoyant permanent exclusif fait d\u2019un mat\u00e9riau d\u00e9velopp\u00e9 par les fabricants de la toile GORE-TEX.","robots":{"index":"index","follow":"follow","max-snippet":"max-snippet:-1","max-image-preview":"max-image-preview:large","max-video-preview":"max-video-preview:-1"},"canonical":"https:\/\/smartcentralvacuums.com\/fr\/filtre-autonettoyant-smart\/","og_locale":"fr_FR","og_type":"article","og_title":"Filtre autonettoyant smart","og_description":"Les unit\u00e9s motrices smart sont dot\u00e9es d\u2019un filtre autonettoyant permanent exclusif fait d\u2019un mat\u00e9riau d\u00e9velopp\u00e9 par les fabricants de la toile GORE-TEX.","og_url":"https:\/\/smartcentralvacuums.com\/fr\/filtre-autonettoyant-smart\/","og_site_name":"SMART","article_modified_time":"2025-09-03T15:32:38+00:00","twitter_card":"summary_large_image","twitter_misc":{"Dur\u00e9e de lecture estim\u00e9e":"1 minute"},"schema":{"@context":"https:\/\/schema.org","@graph":[{"@type":"WebPage","@id":"https:\/\/smartcentralvacuums.com\/fr\/filtre-autonettoyant-smart\/","url":"https:\/\/smartcentralvacuums.com\/fr\/filtre-autonettoyant-smart\/","name":"Filtre autonettoyant smart","isPartOf":{"@id":"https:\/\/smartcentralvacuums.com\/#website"},"datePublished":"2019-02-11T09:41:15+00:00","dateModified":"2025-09-03T15:32:38+00:00","description":"Les unit\u00e9s motrices smart sont dot\u00e9es d\u2019un filtre autonettoyant permanent exclusif fait d\u2019un mat\u00e9riau d\u00e9velopp\u00e9 par les fabricants de la toile GORE-TEX.","breadcrumb":{"@id":"https:\/\/smartcentralvacuums.com\/fr\/filtre-autonettoyant-smart\/#breadcrumb"},"inLanguage":"fr-FR","potentialAction":[{"@type":"ReadAction","target":["https:\/\/smartcentralvacuums.com\/fr\/filtre-autonettoyant-smart\/"]}]},{"@type":"BreadcrumbList","@id":"https:\/\/smartcentralvacuums.com\/fr\/filtre-autonettoyant-smart\/#breadcrumb","itemListElement":[{"@type":"ListItem","position":1,"name":"Home","item":"https:\/\/smartcentralvacuums.com\/fr\/"},{"@type":"ListItem","position":2,"name":"Filtre autonettoyant smart"}]},{"@type":"WebSite","@id":"https:\/\/smartcentralvacuums.com\/#website","url":"https:\/\/smartcentralvacuums.com\/","name":"SMART","description":"Central Vacuum Systems","potentialAction":[{"@type":"SearchAction","target":{"@type":"EntryPoint","urlTemplate":"https:\/\/smartcentralvacuums.com\/?s={search_term_string}"},"query-input":"required name=search_term_string"}],"inLanguage":"fr-FR"}]}},"_links":{"self":[{"href":"https:\/\/smartcentralvacuums.com\/fr\/wp-json\/wp\/v2\/pages\/4360"}],"collection":[{"href":"https:\/\/smartcentralvacuums.com\/fr\/wp-json\/wp\/v2\/pages"}],"about":[{"href":"https:\/\/smartcentralvacuums.com\/fr\/wp-json\/wp\/v2\/types\/page"}],"author":[{"embeddable":true,"href":"https:\/\/smartcentralvacuums.com\/fr\/wp-json\/wp\/v2\/users\/4"}],"replies":[{"embeddable":true,"href":"https:\/\/smartcentralvacuums.com\/fr\/wp-json\/wp\/v2\/comments?post=4360"}],"version-history":[{"count":13,"href":"https:\/\/smartcentralvacuums.com\/fr\/wp-json\/wp\/v2\/pages\/4360\/revisions"}],"predecessor-version":[{"id":6464,"href":"https:\/\/smartcentralvacuums.com\/fr\/wp-json\/wp\/v2\/pages\/4360\/revisions\/6464"}],"wp:attachment":[{"href":"https:\/\/smartcentralvacuums.com\/fr\/wp-json\/wp\/v2\/media?parent=4360"}],"curies":[{"name":"wp","href":"https:\/\/api.w.org\/{rel}","templated":true}]}}