{"id":4318,"date":"2019-02-11T08:34:13","date_gmt":"2019-02-11T08:34:13","guid":{"rendered":"https:\/\/smartcentralvacuums.com\/?page_id=4318"},"modified":"2025-09-19T13:42:26","modified_gmt":"2025-09-19T17:42:26","slug":"avantages-de-smart","status":"publish","type":"page","link":"https:\/\/smartcentralvacuums.com\/fr\/avantages-de-smart\/","title":{"rendered":"Avantages de smart"},"content":{"rendered":"<section class=\"wpb-content-wrapper\"><p>[vc_row el_class=\u00a0\u00bbcontainer-medium atwm-mobile-reverse-order\u00a0\u00bb][vc_column width=\u00a0\u00bb1\/2&Prime; el_class=\u00a0\u00bbatwm-why-smart-box\u00a0\u00bb css=\u00a0\u00bb.vc_custom_1550054306693{margin-top: 0px !important;}\u00a0\u00bb][vc_custom_heading text=\u00a0\u00bbNous avons pens\u00e9 \u00e0 &#8230;<br \/>\nfacilit\u00e9, pour votre style de vie.\u00a0\u00bb use_theme_fonts=\u00a0\u00bbyes\u00a0\u00bb][vc_column_text]Nous avons pens\u00e9 qu&rsquo;un syst\u00e8me central d&rsquo;aspiration devrait \u00eatre un \u00e9lectrom\u00e9nager attrayant con\u00e7u pour r\u00e9pondre aux besoins de nettoyage de votre maison de mani\u00e8re pratique et efficace.<\/p>\n<p>Les syst\u00e8mes centraux d&rsquo;aspiration SMART ont \u00e9t\u00e9 con\u00e7us pour r\u00e9pondre \u00e0 la demande de produits techniquement avanc\u00e9s qui offrent \u00e0 la fois un design \u00e9l\u00e9gant et des performances extr\u00eamement efficaces. Ces syst\u00e8mes facilitent et rendent plus agr\u00e9ables les t\u00e2ches de nettoyage tout en offrant les avantages d\u2019avoir une maison plus saine.<\/p>\n<ul>\n<li>Forte puissance d\u2019aspiration qui permet de retirer toutes les salet\u00e9s et poussi\u00e8res contact\u00e9es et de les d\u00e9poser dans la cuve de l\u2019unit\u00e9 motrice situ\u00e9e loin des espaces de vie.<\/li>\n<li>Fonctionnement ultra silencieux afin que le nettoyage ne perturbe pas les autres activit\u00e9s qui se d\u00e9roulent dans votre maison.<\/li>\n<li>Facile et l\u00e9ger \u00e0 man\u0153uvrer autour de la maison et dans les escaliers.<\/li>\n<li>La plupart des unit\u00e9s motrices SMART sont hybrides, ce qui signifie qu\u2019elles peuvent \u00eatre utilis\u00e9es avec ou sans sac de filtration selon ce qui vous convient le mieux.<\/li>\n<\/ul>\n<p>[\/vc_column_text][\/vc_column][vc_column width=\u00a0\u00bb1\/2&Prime; el_class=\u00a0\u00bbatwm-why-smart-box\u00a0\u00bb][vc_single_image image=\u00a0\u00bb6433&Prime; img_size=\u00a0\u00bbfull\u00a0\u00bb][\/vc_column][\/vc_row][vc_row el_class=\u00a0\u00bbcontainer-medium\u00a0\u00bb][vc_column width=\u00a0\u00bb1\/2&Prime; el_class=\u00a0\u00bbatwm-why-smart-box\u00a0\u00bb][vc_single_image image=\u00a0\u00bb6425&Prime; img_size=\u00a0\u00bbfull\u00a0\u00bb][vc_custom_heading text=\u00a0\u00bbPratique et polyvalent\u00a0\u00bb use_theme_fonts=\u00a0\u00bbyes\u00a0\u00bb][vc_column_text]Novateur et unique, cet accessoire de nettoyage 3 en 1 se range de fa\u00e7on pratique sur le manchon pour que vous ayez toujours les bons outils \u00e0 port\u00e9e de main, quand vous en avez besoin.<\/p>\n<p>Se transforme facilement en outil de coin, en brosse \u00e0 \u00e9pousseter ou en outil \u00e0 capitonnage afin de vous permettre de nettoyer toutes les surfaces du plancher au plafond.[\/vc_column_text][\/vc_column][vc_column width=\u00a0\u00bb1\/2&Prime; el_class=\u00a0\u00bbatwm-why-smart-box\u00a0\u00bb][vc_single_image image=\u00a0\u00bb6491&Prime; img_size=\u00a0\u00bbfull\u00a0\u00bb][vc_custom_heading text=\u00a0\u00bbUn nettoyage sup\u00e9rieur\u00a0\u00bb use_theme_fonts=\u00a0\u00bbyes\u00a0\u00bb][vc_column_text]Les syst\u00e8mes centraux d\u2019aspiration SMART sont robustes et puissants et leur capacit\u00e9 d\u2019aspiration et de nettoyage en profondeur ne diminue pas avec le temps.<\/p>\n<p>L\u2019ensemble de nettoyage ergonomique est con\u00e7u pour ramasser les salet\u00e9s et la poussi\u00e8re de fa\u00e7on optimale sur n\u2019importe quel type de plancher.[\/vc_column_text][\/vc_column][\/vc_row][vc_row el_class=\u00a0\u00bbcontainer-medium\u00a0\u00bb][vc_column width=\u00a0\u00bb1\/2&Prime; el_class=\u00a0\u00bbatwm-why-smart-box\u00a0\u00bb][vc_single_image image=\u00a0\u00bb5595&Prime; img_size=\u00a0\u00bbfull\u00a0\u00bb][vc_custom_heading text=\u00a0\u00bbFonctionnement silencieux\u00a0\u00bb use_theme_fonts=\u00a0\u00bbyes\u00a0\u00bb][vc_column_text]Le niveau sonore \u00e9mis par un syst\u00e8me central d\u2019aspiration SMART, soit 72 dBA ou moins, est plus faible que celui de la plupart des bruits domestiques que vous avez l\u2019habitude d\u2019entendre tous les jours. Vous pouvez donc passer silencieusement l\u2019aspirateur pendant que d\u2019autres activit\u00e9s se d\u00e9roulent dans la pi\u00e8ce, sans d\u00e9ranger personne.<\/p>\n<p>Et, puisque l\u2019unit\u00e9 motrice se trouve loin des espaces de vie, vous n&rsquo;entendrez que le doux murmure du d\u00e9bit d\u2019air.[\/vc_column_text][\/vc_column][vc_column width=\u00a0\u00bb1\/2&Prime; el_class=\u00a0\u00bbatwm-why-smart-box\u00a0\u00bb][vc_single_image image=\u00a0\u00bb6511&Prime; img_size=\u00a0\u00bbfull\u00a0\u00bb][vc_custom_heading text=\u00a0\u00bbBranchez et commencez \u00e0 nettoyer\u00a0\u00bb use_theme_fonts=\u00a0\u00bbyes\u00a0\u00bb][vc_column_text]Pas d\u2019aspirateurs lourds \u00e0 soulever, pas de risque de se prendre les pieds dans un fil, pas d\u2019aspirateur-chariot \u00e0 tra\u00eener autour des meubles qu\u2019il peut endommager. Le long boyau anti-\u00e9crasement permet de nettoyer dans tous les endroits difficiles \u00e0 atteindre \u2013 m\u00eame sous les meubles!<\/p>\n<p>Il suffit de brancher le l\u00e9ger boyau dans la prise d\u2019aspiration murale et vous \u00eates pr\u00eat(e)s pour les nettoyages rapides ou pour un nettoyage minutieux complet.[\/vc_column_text][\/vc_column][\/vc_row][vc_row el_class=\u00a0\u00bbcontainer-medium\u00a0\u00bb][vc_column width=\u00a0\u00bb1\/2&Prime; el_class=\u00a0\u00bbatwm-why-smart-box\u00a0\u00bb][vc_single_image image=\u00a0\u00bb5599&Prime; img_size=\u00a0\u00bbfull\u00a0\u00bb][vc_custom_heading text=\u00a0\u00bbAir int\u00e9rieur plus sain\u00a0\u00bb use_theme_fonts=\u00a0\u00bbyes\u00a0\u00bb][vc_column_text]Vous pourrez b\u00e9n\u00e9ficier des avantages d\u2019un air sain dans la maison puisque les syst\u00e8mes centraux d\u2019aspiration en retirent 100 % des poussi\u00e8res, des salet\u00e9s et des allerg\u00e8nes aspir\u00e9s; vous pourrez donc mieux respirer.<\/p>\n<p>Le filtre optionnel HEPA Allergy Plus\u00a0purifie l\u2019air aspir\u00e9 \u00e0 99,97 % pour ensuite le filtrer \u00e0 travers son syst\u00e8me de diffusion, ce qui \u00e9limine le besoin d\u2019avoir un syst\u00e8me d\u2019\u00e9vacuation \u00e0 l\u2019ext\u00e9rieur.[\/vc_column_text][\/vc_column][vc_column width=\u00a0\u00bb1\/2&Prime; el_class=\u00a0\u00bbatwm-why-smart-box\u00a0\u00bb][vc_single_image image=\u00a0\u00bb6427&Prime; img_size=\u00a0\u00bbfull\u00a0\u00bb][vc_custom_heading text=\u00a0\u00bbPas de recirculation de l&rsquo;air\u00a0\u00bb use_theme_fonts=\u00a0\u00bbyes\u00a0\u00bb][vc_column_text]Un syst\u00e8me central d\u2019aspiration SMART ne fera jamais recirculer l\u2019air charg\u00e9 de poussi\u00e8re et d\u2019allerg\u00e8nes dans vos espaces de vie pendant que vous passez l\u2019aspirateur, contrairement aux aspirateurs portatifs classiques qui peuvent le faire.<\/p>\n<p>Le filtre autonettoyant GORE-TEX offre une filtration de haute efficacit\u00e9 et une performance sans tracas. Il n\u2019est pas n\u00e9cessaire d\u2019avoir de sacs-filtreurs en papier.[\/vc_column_text][\/vc_column][\/vc_row]<\/p>\n<\/section>","protected":false},"excerpt":{"rendered":"<p>[vc_row el_class=\u00a0\u00bbcontainer-medium atwm-mobile-reverse-order\u00a0\u00bb][vc_column width=\u00a0\u00bb1\/2&Prime; el_class=\u00a0\u00bbatwm-why-smart-box\u00a0\u00bb css=\u00a0\u00bb.vc_custom_1550054306693{margin-top: 0px !important;}\u00a0\u00bb][vc_custom_heading text=\u00a0\u00bbNous avons pens\u00e9 \u00e0 &#8230; facilit\u00e9, pour votre style de vie.\u00a0\u00bb use_theme_fonts=\u00a0\u00bbyes\u00a0\u00bb][vc_column_text]Nous avons pens\u00e9 qu&rsquo;un syst\u00e8me central d&rsquo;aspiration devrait \u00eatre un \u00e9lectrom\u00e9nager attrayant con\u00e7u pour r\u00e9pondre aux besoins de nettoyage de votre maison de mani\u00e8re pratique et efficace. Les syst\u00e8mes centraux d&rsquo;aspiration SMART ont \u00e9t\u00e9 con\u00e7us pour [&hellip;]<\/p>\n","protected":false},"author":4,"featured_media":0,"parent":0,"menu_order":0,"comment_status":"closed","ping_status":"closed","template":"","meta":[],"yoast_head":"<!-- This site is optimized with the Yoast SEO plugin v20.8 - https:\/\/yoast.com\/wordpress\/plugins\/seo\/ -->\n<title>Les principaux avantages d\u2019un syst\u00e8me central d\u2019aspiration smart<\/title>\n<meta name=\"description\" content=\"Gr\u00e2ce \u00e0 ses syst\u00e8mes qui int\u00e8grent commodit\u00e9 et efficacit\u00e9 silencieuse, smart vous permet d\u2019avoir une maison propre et fra\u00eeche. Compar\u00e9s aux aspirateurs portatifs, les aspirateurs centraux offrent de nombreux avantages.\" \/>\n<meta name=\"robots\" content=\"index, follow, max-snippet:-1, max-image-preview:large, max-video-preview:-1\" \/>\n<link rel=\"canonical\" href=\"https:\/\/smartcentralvacuums.com\/fr\/avantages-de-smart\/\" \/>\n<meta property=\"og:locale\" content=\"fr_FR\" \/>\n<meta property=\"og:type\" content=\"article\" \/>\n<meta property=\"og:title\" content=\"Les principaux avantages d\u2019un syst\u00e8me central d\u2019aspiration smart\" \/>\n<meta property=\"og:description\" content=\"Gr\u00e2ce \u00e0 ses syst\u00e8mes qui int\u00e8grent commodit\u00e9 et efficacit\u00e9 silencieuse, smart vous permet d\u2019avoir une maison propre et fra\u00eeche. Compar\u00e9s aux aspirateurs portatifs, les aspirateurs centraux offrent de nombreux avantages.\" \/>\n<meta property=\"og:url\" content=\"https:\/\/smartcentralvacuums.com\/fr\/avantages-de-smart\/\" \/>\n<meta property=\"og:site_name\" content=\"SMART\" \/>\n<meta property=\"article:modified_time\" content=\"2025-09-19T17:42:26+00:00\" \/>\n<meta name=\"twitter:card\" content=\"summary_large_image\" \/>\n<meta name=\"twitter:label1\" content=\"Dur\u00e9e de lecture estim\u00e9e\" \/>\n\t<meta name=\"twitter:data1\" content=\"3 minutes\" \/>\n<script type=\"application\/ld+json\" class=\"yoast-schema-graph\">{\"@context\":\"https:\/\/schema.org\",\"@graph\":[{\"@type\":\"WebPage\",\"@id\":\"https:\/\/smartcentralvacuums.com\/fr\/avantages-de-smart\/\",\"url\":\"https:\/\/smartcentralvacuums.com\/fr\/avantages-de-smart\/\",\"name\":\"Les principaux avantages d\u2019un syst\u00e8me central d\u2019aspiration smart\",\"isPartOf\":{\"@id\":\"https:\/\/smartcentralvacuums.com\/#website\"},\"datePublished\":\"2019-02-11T08:34:13+00:00\",\"dateModified\":\"2025-09-19T17:42:26+00:00\",\"description\":\"Gr\u00e2ce \u00e0 ses syst\u00e8mes qui int\u00e8grent commodit\u00e9 et efficacit\u00e9 silencieuse, smart vous permet d\u2019avoir une maison propre et fra\u00eeche. Compar\u00e9s aux aspirateurs portatifs, les aspirateurs centraux offrent de nombreux avantages.\",\"breadcrumb\":{\"@id\":\"https:\/\/smartcentralvacuums.com\/fr\/avantages-de-smart\/#breadcrumb\"},\"inLanguage\":\"fr-FR\",\"potentialAction\":[{\"@type\":\"ReadAction\",\"target\":[\"https:\/\/smartcentralvacuums.com\/fr\/avantages-de-smart\/\"]}]},{\"@type\":\"BreadcrumbList\",\"@id\":\"https:\/\/smartcentralvacuums.com\/fr\/avantages-de-smart\/#breadcrumb\",\"itemListElement\":[{\"@type\":\"ListItem\",\"position\":1,\"name\":\"Home\",\"item\":\"https:\/\/smartcentralvacuums.com\/fr\/\"},{\"@type\":\"ListItem\",\"position\":2,\"name\":\"Avantages de smart\"}]},{\"@type\":\"WebSite\",\"@id\":\"https:\/\/smartcentralvacuums.com\/#website\",\"url\":\"https:\/\/smartcentralvacuums.com\/\",\"name\":\"SMART\",\"description\":\"Central Vacuum Systems\",\"potentialAction\":[{\"@type\":\"SearchAction\",\"target\":{\"@type\":\"EntryPoint\",\"urlTemplate\":\"https:\/\/smartcentralvacuums.com\/?s={search_term_string}\"},\"query-input\":\"required name=search_term_string\"}],\"inLanguage\":\"fr-FR\"}]}<\/script>\n<!-- \/ Yoast SEO plugin. -->","yoast_head_json":{"title":"Les principaux avantages d\u2019un syst\u00e8me central d\u2019aspiration smart","description":"Gr\u00e2ce \u00e0 ses syst\u00e8mes qui int\u00e8grent commodit\u00e9 et efficacit\u00e9 silencieuse, smart vous permet d\u2019avoir une maison propre et fra\u00eeche. Compar\u00e9s aux aspirateurs portatifs, les aspirateurs centraux offrent de nombreux avantages.","robots":{"index":"index","follow":"follow","max-snippet":"max-snippet:-1","max-image-preview":"max-image-preview:large","max-video-preview":"max-video-preview:-1"},"canonical":"https:\/\/smartcentralvacuums.com\/fr\/avantages-de-smart\/","og_locale":"fr_FR","og_type":"article","og_title":"Les principaux avantages d\u2019un syst\u00e8me central d\u2019aspiration smart","og_description":"Gr\u00e2ce \u00e0 ses syst\u00e8mes qui int\u00e8grent commodit\u00e9 et efficacit\u00e9 silencieuse, smart vous permet d\u2019avoir une maison propre et fra\u00eeche. Compar\u00e9s aux aspirateurs portatifs, les aspirateurs centraux offrent de nombreux avantages.","og_url":"https:\/\/smartcentralvacuums.com\/fr\/avantages-de-smart\/","og_site_name":"SMART","article_modified_time":"2025-09-19T17:42:26+00:00","twitter_card":"summary_large_image","twitter_misc":{"Dur\u00e9e de lecture estim\u00e9e":"3 minutes"},"schema":{"@context":"https:\/\/schema.org","@graph":[{"@type":"WebPage","@id":"https:\/\/smartcentralvacuums.com\/fr\/avantages-de-smart\/","url":"https:\/\/smartcentralvacuums.com\/fr\/avantages-de-smart\/","name":"Les principaux avantages d\u2019un syst\u00e8me central d\u2019aspiration smart","isPartOf":{"@id":"https:\/\/smartcentralvacuums.com\/#website"},"datePublished":"2019-02-11T08:34:13+00:00","dateModified":"2025-09-19T17:42:26+00:00","description":"Gr\u00e2ce \u00e0 ses syst\u00e8mes qui int\u00e8grent commodit\u00e9 et efficacit\u00e9 silencieuse, smart vous permet d\u2019avoir une maison propre et fra\u00eeche. Compar\u00e9s aux aspirateurs portatifs, les aspirateurs centraux offrent de nombreux avantages.","breadcrumb":{"@id":"https:\/\/smartcentralvacuums.com\/fr\/avantages-de-smart\/#breadcrumb"},"inLanguage":"fr-FR","potentialAction":[{"@type":"ReadAction","target":["https:\/\/smartcentralvacuums.com\/fr\/avantages-de-smart\/"]}]},{"@type":"BreadcrumbList","@id":"https:\/\/smartcentralvacuums.com\/fr\/avantages-de-smart\/#breadcrumb","itemListElement":[{"@type":"ListItem","position":1,"name":"Home","item":"https:\/\/smartcentralvacuums.com\/fr\/"},{"@type":"ListItem","position":2,"name":"Avantages de smart"}]},{"@type":"WebSite","@id":"https:\/\/smartcentralvacuums.com\/#website","url":"https:\/\/smartcentralvacuums.com\/","name":"SMART","description":"Central Vacuum Systems","potentialAction":[{"@type":"SearchAction","target":{"@type":"EntryPoint","urlTemplate":"https:\/\/smartcentralvacuums.com\/?s={search_term_string}"},"query-input":"required name=search_term_string"}],"inLanguage":"fr-FR"}]}},"_links":{"self":[{"href":"https:\/\/smartcentralvacuums.com\/fr\/wp-json\/wp\/v2\/pages\/4318"}],"collection":[{"href":"https:\/\/smartcentralvacuums.com\/fr\/wp-json\/wp\/v2\/pages"}],"about":[{"href":"https:\/\/smartcentralvacuums.com\/fr\/wp-json\/wp\/v2\/types\/page"}],"author":[{"embeddable":true,"href":"https:\/\/smartcentralvacuums.com\/fr\/wp-json\/wp\/v2\/users\/4"}],"replies":[{"embeddable":true,"href":"https:\/\/smartcentralvacuums.com\/fr\/wp-json\/wp\/v2\/comments?post=4318"}],"version-history":[{"count":24,"href":"https:\/\/smartcentralvacuums.com\/fr\/wp-json\/wp\/v2\/pages\/4318\/revisions"}],"predecessor-version":[{"id":6513,"href":"https:\/\/smartcentralvacuums.com\/fr\/wp-json\/wp\/v2\/pages\/4318\/revisions\/6513"}],"wp:attachment":[{"href":"https:\/\/smartcentralvacuums.com\/fr\/wp-json\/wp\/v2\/media?parent=4318"}],"curies":[{"name":"wp","href":"https:\/\/api.w.org\/{rel}","templated":true}]}}