{"id":1576,"date":"2018-12-20T22:14:46","date_gmt":"2018-12-20T22:14:46","guid":{"rendered":"https:\/\/smartcentralvacuums.com?page_id=1576"},"modified":"2025-09-03T16:33:03","modified_gmt":"2025-09-03T20:33:03","slug":"frontpage","status":"publish","type":"page","link":"https:\/\/smartcentralvacuums.com\/fr\/","title":{"rendered":"Frontpage"},"content":{"rendered":"<section class=\"wpb-content-wrapper\"><p>[vc_row el_class=\u00a0\u00bbatwm-frontpage-slider\u00a0\u00bb][vc_column][rev_slider_vc alias=\u00a0\u00bbfrontpage-french4&Prime;][vc_empty_space height=\u00a0\u00bb80px\u00a0\u00bb][\/vc_column][\/vc_row][vc_row css=\u00a0\u00bb.vc_custom_1565010284069{margin-bottom: 30px !important;}\u00a0\u00bb][vc_column width=\u00a0\u00bb1\/2&Prime; el_class=\u00a0\u00bbatwm-lang-ca atwm-lang-us atwm-lang-eu atwm-frontpage-content\u00a0\u00bb][vc_custom_heading text=\u00a0\u00bbUnit\u00e9s motrices SMART\u00a0\u00bb use_theme_fonts=\u00a0\u00bbyes\u00a0\u00bb css=\u00a0\u00bb.vc_custom_1565011053537{margin-top: 0px !important;margin-bottom: 20px !important;}\u00a0\u00bb][vc_column_text]Nous avons pens\u00e9 que l\u2019unit\u00e9 motrice de votre aspirateur central devrait r\u00e9pondre \u00e0 vos besoins \u2013 \u00eatre un produit novateur, efficace et silencieux de par sa conception.<\/p>\n<p>Nous offrons une famille d\u2019unit\u00e9s motrices d\u2019aspirateurs centraux SMART poss\u00e9dant une vari\u00e9t\u00e9 de caract\u00e9ristiques et offrant la performance convenant sp\u00e9cifiquement \u00e0 la taille et au style de votre maison.[\/vc_column_text][vc_btn title=\u00a0\u00bbEN SAVOIR PLUS\u00a0\u00bb style=\u00a0\u00bboutline-custom\u00a0\u00bb outline_custom_color=\u00a0\u00bb#74bd43&Prime; outline_custom_hover_background=\u00a0\u00bb#74bd43&Prime; outline_custom_hover_text=\u00a0\u00bb#ffffff\u00a0\u00bb shape=\u00a0\u00bbsquare\u00a0\u00bb css=\u00a0\u00bb.vc_custom_1565011092989{border-radius: 1px !important;}\u00a0\u00bb][\/vc_column][vc_column width=\u00a0\u00bb1\/2&Prime;][vc_single_image image=\u00a0\u00bb6479&Prime; img_size=\u00a0\u00bbfull\u00a0\u00bb alignment=\u00a0\u00bbright\u00a0\u00bb][\/vc_column][\/vc_row][vc_row css=\u00a0\u00bb.vc_custom_1565009353732{margin-bottom: 30px !important;}\u00a0\u00bb el_class=\u00a0\u00bbatwm-frontpage-row\u00a0\u00bb][vc_column width=\u00a0\u00bb1\/2&Prime; el_class=\u00a0\u00bbatwm-lang-ca atwm-lang-us atwm-lang-eu atwm-frontpage-content\u00a0\u00bb][vc_custom_heading text=\u00a0\u00bbEnsembles de nettoyage et accessoires\u00a0\u00bb use_theme_fonts=\u00a0\u00bbyes\u00a0\u00bb css=\u00a0\u00bb.vc_custom_1565011164035{margin-top: 0px !important;margin-bottom: 20px !important;}\u00a0\u00bb][vc_column_text]Nous avons pens\u00e9 que vous devriez \u00eatre en mesure d\u2019adapter votre syst\u00e8me central d\u2019aspiration SMART \u00e0 la fa\u00e7on dont vous nettoyer votre maison.<\/p>\n<p>Les ensembles de nettoyage SMART sont con\u00e7us pour fonctionner avec l\u2019unit\u00e9 motrice pour offrir les meilleures performances d\u2019aspiration et de nettoyage en profondeur au plus bas niveau sonore possible.<\/p>\n<p>Nous offrons plusieurs accessoires de nettoyage novateurs qui fonctionnent comme une \u00e9quipe afin que vous puissiez nettoyer votre maison en faisant moins d\u2019efforts.[\/vc_column_text][vc_btn title=\u00a0\u00bbEN SAVOIR PLUS\u00a0\u00bb style=\u00a0\u00bboutline-custom\u00a0\u00bb outline_custom_color=\u00a0\u00bb#74bd43&Prime; outline_custom_hover_background=\u00a0\u00bb#74bd43&Prime; outline_custom_hover_text=\u00a0\u00bb#ffffff\u00a0\u00bb shape=\u00a0\u00bbsquare\u00a0\u00bb css=\u00a0\u00bb.vc_custom_1565011100553{border-radius: 1px !important;}\u00a0\u00bb][\/vc_column][vc_column width=\u00a0\u00bb1\/2&Prime;][vc_single_image image=\u00a0\u00bb6475&Prime; img_size=\u00a0\u00bbfull\u00a0\u00bb][\/vc_column][\/vc_row][vc_row css=\u00a0\u00bb.vc_custom_1562027934292{margin-bottom: 30px !important;}\u00a0\u00bb][vc_column width=\u00a0\u00bb1\/2&Prime; el_class=\u00a0\u00bbatwm-lang-ca atwm-lang-us atwm-lang-eu atwm-frontpage-content\u00a0\u00bb][vc_custom_heading text=\u00a0\u00bbInnovation en mati\u00e8re de nettoyage\u00a0\u00bb use_theme_fonts=\u00a0\u00bbyes\u00a0\u00bb css=\u00a0\u00bb.vc_custom_1565011182159{margin-top: 0px !important;margin-bottom: 20px !important;}\u00a0\u00bb][vc_column_text]Nous avons pens\u00e9 qu\u2019un syst\u00e8me central d\u2019aspiration devrait \u00eatre le syst\u00e8me de nettoyage ultime pour toutes les maisons.<\/p>\n<p>Que vous construisiez une nouvelle maison, planifiez un projet de r\u00e9novation majeur ou que vous souhaitiez tout simplement b\u00e9n\u00e9ficier des avantages d&rsquo;un aspirateur central dans votre maison existante, il n\u2019y aura jamais de meilleur moment pour installer un syst\u00e8me central d\u2019aspiration SMART.<\/p>\n<p>Nous proposons des solutions de nettoyage novatrices qui r\u00e9pondent aux besoins de nettoyage de chaque maison.[\/vc_column_text][vc_btn title=\u00a0\u00bbEN SAVOIR PLUS\u00a0\u00bb style=\u00a0\u00bboutline-custom\u00a0\u00bb outline_custom_color=\u00a0\u00bb#74bd43&Prime; outline_custom_hover_background=\u00a0\u00bb#74bd43&Prime; outline_custom_hover_text=\u00a0\u00bb#ffffff\u00a0\u00bb shape=\u00a0\u00bbsquare\u00a0\u00bb css=\u00a0\u00bb.vc_custom_1565011107515{border-radius: 1px !important;}\u00a0\u00bb][\/vc_column][vc_column width=\u00a0\u00bb1\/2&Prime;][vc_single_image image=\u00a0\u00bb6477&Prime; img_size=\u00a0\u00bbfull\u00a0\u00bb][\/vc_column][\/vc_row][vc_row full_width=\u00a0\u00bbstretch_row_content\u00a0\u00bb el_class=\u00a0\u00bbatwm-frontpage-blue-section\u00a0\u00bb][vc_column css=\u00a0\u00bb.vc_custom_1583853435765{background-image: url(https:\/\/smartcentralvacuums.com\/wp-content\/uploads\/2025\/09\/1764x502_HowItWork.jpg?id=6484) !important;}\u00a0\u00bb el_class=\u00a0\u00bbatwm-lang-ca atwm-lang-us atwm-lang-eu\u00a0\u00bb][vc_column_text css=\u00a0\u00bb.vc_custom_1566418572465{background-color: rgba(0,0,0,0.3) !important;*background-color: rgb(0,0,0) !important;}\u00a0\u00bb]<\/p>\n<h2><a href=\"https:\/\/smartcentralvacuums.com\/fr\/comment-ca-fonctionne\/\">COMMENT \u00c7A FONCTIONNE<\/a><\/h2>\n<p>[\/vc_column_text][\/vc_column][\/vc_row][vc_row full_width=\u00a0\u00bbstretch_row_content\u00a0\u00bb el_class=\u00a0\u00bbatwm-frontpage-blue-section\u00a0\u00bb][vc_column width=\u00a0\u00bb1\/2&Prime; css=\u00a0\u00bb.vc_custom_1566416807678{background-image: url(https:\/\/smartcentralvacuums.com\/wp-content\/uploads\/2025\/09\/959x550_HowToInstall.jpg?id=6482) !important;}\u00a0\u00bb][vc_column_text css=\u00a0\u00bb.vc_custom_1566418585875{background-color: rgba(0,0,0,0.3) !important;*background-color: rgb(0,0,0) !important;}\u00a0\u00bb]<\/p>\n<h2><a href=\"https:\/\/smartcentralvacuums.com\/fr\/comment-ca-sinstalle\/\">COMMENT \u00c7A S\u2019INSTALLE<\/a><\/h2>\n<p>[\/vc_column_text][\/vc_column][vc_column width=\u00a0\u00bb1\/2&Prime; css=\u00a0\u00bb.vc_custom_1583853410317{background-image: url(https:\/\/smartcentralvacuums.com\/wp-content\/uploads\/2025\/09\/959x550_CleaningFacts.jpg?id=6480) !important;}\u00a0\u00bb][vc_column_text css=\u00a0\u00bb.vc_custom_1566418596482{background-color: rgba(0,0,0,0.3) !important;*background-color: rgb(0,0,0) !important;}\u00a0\u00bb]<\/p>\n<h2><a href=\"https:\/\/smartcentralvacuums.com\/fr\/a-propos-de-smart\/avantages-de-smart\/\">FAITS SUR LE NETTOYAGE<\/a><\/h2>\n<p>[\/vc_column_text][\/vc_column][\/vc_row]<\/p>\n<\/section>","protected":false},"excerpt":{"rendered":"<p>[vc_row el_class=\u00a0\u00bbatwm-frontpage-slider\u00a0\u00bb][vc_column][rev_slider_vc alias=\u00a0\u00bbfrontpage-french4&Prime;][vc_empty_space height=\u00a0\u00bb80px\u00a0\u00bb][\/vc_column][\/vc_row][vc_row css=\u00a0\u00bb.vc_custom_1565010284069{margin-bottom: 30px !important;}\u00a0\u00bb][vc_column width=\u00a0\u00bb1\/2&Prime; el_class=\u00a0\u00bbatwm-lang-ca atwm-lang-us atwm-lang-eu atwm-frontpage-content\u00a0\u00bb][vc_custom_heading text=\u00a0\u00bbUnit\u00e9s motrices SMART\u00a0\u00bb use_theme_fonts=\u00a0\u00bbyes\u00a0\u00bb css=\u00a0\u00bb.vc_custom_1565011053537{margin-top: 0px !important;margin-bottom: 20px !important;}\u00a0\u00bb][vc_column_text]Nous avons pens\u00e9 que l\u2019unit\u00e9 motrice de votre aspirateur central devrait r\u00e9pondre \u00e0 vos besoins \u2013 \u00eatre un produit novateur, efficace et silencieux de par sa conception. Nous offrons une famille d\u2019unit\u00e9s motrices d\u2019aspirateurs centraux [&hellip;]<\/p>\n","protected":false},"author":4,"featured_media":0,"parent":0,"menu_order":0,"comment_status":"closed","ping_status":"closed","template":"","meta":[],"yoast_head":"<!-- This site is optimized with the Yoast SEO plugin v20.8 - https:\/\/yoast.com\/wordpress\/plugins\/seo\/ -->\n<title>SMART Central Vacuum Systems<\/title>\n<meta name=\"robots\" content=\"index, follow, max-snippet:-1, max-image-preview:large, max-video-preview:-1\" \/>\n<link rel=\"canonical\" href=\"https:\/\/smartcentralvacuums.com\/fr\/\" \/>\n<meta property=\"og:locale\" content=\"fr_FR\" \/>\n<meta property=\"og:type\" content=\"article\" \/>\n<meta property=\"og:title\" content=\"SMART Central Vacuum Systems\" \/>\n<meta property=\"og:description\" content=\"[vc_row el_class=\u00a0\u00bbatwm-frontpage-slider\u00a0\u00bb][vc_column][rev_slider_vc alias=\u00a0\u00bbfrontpage-french4&Prime;][vc_empty_space height=\u00a0\u00bb80px\u00a0\u00bb][\/vc_column][\/vc_row][vc_row css=\u00a0\u00bb.vc_custom_1565010284069{margin-bottom: 30px !important;}\u00a0\u00bb][vc_column width=\u00a0\u00bb1\/2&Prime; el_class=\u00a0\u00bbatwm-lang-ca atwm-lang-us atwm-lang-eu atwm-frontpage-content\u00a0\u00bb][vc_custom_heading text=\u00a0\u00bbUnit\u00e9s motrices SMART\u00a0\u00bb use_theme_fonts=\u00a0\u00bbyes\u00a0\u00bb css=\u00a0\u00bb.vc_custom_1565011053537{margin-top: 0px !important;margin-bottom: 20px !important;}\u00a0\u00bb][vc_column_text]Nous avons pens\u00e9 que l\u2019unit\u00e9 motrice de votre aspirateur central devrait r\u00e9pondre \u00e0 vos besoins \u2013 \u00eatre un produit novateur, efficace et silencieux de par sa conception. Nous offrons une famille d\u2019unit\u00e9s motrices d\u2019aspirateurs centraux [&hellip;]\" \/>\n<meta property=\"og:url\" content=\"https:\/\/smartcentralvacuums.com\/fr\/\" \/>\n<meta property=\"og:site_name\" content=\"SMART\" \/>\n<meta property=\"article:modified_time\" content=\"2025-09-03T20:33:03+00:00\" \/>\n<meta name=\"twitter:card\" content=\"summary_large_image\" \/>\n<meta name=\"twitter:label1\" content=\"Dur\u00e9e de lecture estim\u00e9e\" \/>\n\t<meta name=\"twitter:data1\" content=\"2 minutes\" \/>\n<script type=\"application\/ld+json\" class=\"yoast-schema-graph\">{\"@context\":\"https:\/\/schema.org\",\"@graph\":[{\"@type\":\"WebPage\",\"@id\":\"https:\/\/smartcentralvacuums.com\/fr\/\",\"url\":\"https:\/\/smartcentralvacuums.com\/fr\/\",\"name\":\"SMART Central Vacuum Systems\",\"isPartOf\":{\"@id\":\"https:\/\/smartcentralvacuums.com\/#website\"},\"datePublished\":\"2018-12-20T22:14:46+00:00\",\"dateModified\":\"2025-09-03T20:33:03+00:00\",\"breadcrumb\":{\"@id\":\"https:\/\/smartcentralvacuums.com\/fr\/#breadcrumb\"},\"inLanguage\":\"fr-FR\",\"potentialAction\":[{\"@type\":\"ReadAction\",\"target\":[\"https:\/\/smartcentralvacuums.com\/fr\/\"]}]},{\"@type\":\"BreadcrumbList\",\"@id\":\"https:\/\/smartcentralvacuums.com\/fr\/#breadcrumb\",\"itemListElement\":[{\"@type\":\"ListItem\",\"position\":1,\"name\":\"Home\",\"item\":\"https:\/\/smartcentralvacuums.com\/fr\/\"},{\"@type\":\"ListItem\",\"position\":2,\"name\":\"Frontpage\"}]},{\"@type\":\"WebSite\",\"@id\":\"https:\/\/smartcentralvacuums.com\/#website\",\"url\":\"https:\/\/smartcentralvacuums.com\/\",\"name\":\"SMART\",\"description\":\"Central Vacuum Systems\",\"potentialAction\":[{\"@type\":\"SearchAction\",\"target\":{\"@type\":\"EntryPoint\",\"urlTemplate\":\"https:\/\/smartcentralvacuums.com\/?s={search_term_string}\"},\"query-input\":\"required name=search_term_string\"}],\"inLanguage\":\"fr-FR\"}]}<\/script>\n<!-- \/ Yoast SEO plugin. -->","yoast_head_json":{"title":"SMART Central Vacuum Systems","robots":{"index":"index","follow":"follow","max-snippet":"max-snippet:-1","max-image-preview":"max-image-preview:large","max-video-preview":"max-video-preview:-1"},"canonical":"https:\/\/smartcentralvacuums.com\/fr\/","og_locale":"fr_FR","og_type":"article","og_title":"SMART Central Vacuum Systems","og_description":"[vc_row el_class=\u00a0\u00bbatwm-frontpage-slider\u00a0\u00bb][vc_column][rev_slider_vc alias=\u00a0\u00bbfrontpage-french4&Prime;][vc_empty_space height=\u00a0\u00bb80px\u00a0\u00bb][\/vc_column][\/vc_row][vc_row css=\u00a0\u00bb.vc_custom_1565010284069{margin-bottom: 30px !important;}\u00a0\u00bb][vc_column width=\u00a0\u00bb1\/2&Prime; el_class=\u00a0\u00bbatwm-lang-ca atwm-lang-us atwm-lang-eu atwm-frontpage-content\u00a0\u00bb][vc_custom_heading text=\u00a0\u00bbUnit\u00e9s motrices SMART\u00a0\u00bb use_theme_fonts=\u00a0\u00bbyes\u00a0\u00bb css=\u00a0\u00bb.vc_custom_1565011053537{margin-top: 0px !important;margin-bottom: 20px !important;}\u00a0\u00bb][vc_column_text]Nous avons pens\u00e9 que l\u2019unit\u00e9 motrice de votre aspirateur central devrait r\u00e9pondre \u00e0 vos besoins \u2013 \u00eatre un produit novateur, efficace et silencieux de par sa conception. Nous offrons une famille d\u2019unit\u00e9s motrices d\u2019aspirateurs centraux [&hellip;]","og_url":"https:\/\/smartcentralvacuums.com\/fr\/","og_site_name":"SMART","article_modified_time":"2025-09-03T20:33:03+00:00","twitter_card":"summary_large_image","twitter_misc":{"Dur\u00e9e de lecture estim\u00e9e":"2 minutes"},"schema":{"@context":"https:\/\/schema.org","@graph":[{"@type":"WebPage","@id":"https:\/\/smartcentralvacuums.com\/fr\/","url":"https:\/\/smartcentralvacuums.com\/fr\/","name":"SMART Central Vacuum Systems","isPartOf":{"@id":"https:\/\/smartcentralvacuums.com\/#website"},"datePublished":"2018-12-20T22:14:46+00:00","dateModified":"2025-09-03T20:33:03+00:00","breadcrumb":{"@id":"https:\/\/smartcentralvacuums.com\/fr\/#breadcrumb"},"inLanguage":"fr-FR","potentialAction":[{"@type":"ReadAction","target":["https:\/\/smartcentralvacuums.com\/fr\/"]}]},{"@type":"BreadcrumbList","@id":"https:\/\/smartcentralvacuums.com\/fr\/#breadcrumb","itemListElement":[{"@type":"ListItem","position":1,"name":"Home","item":"https:\/\/smartcentralvacuums.com\/fr\/"},{"@type":"ListItem","position":2,"name":"Frontpage"}]},{"@type":"WebSite","@id":"https:\/\/smartcentralvacuums.com\/#website","url":"https:\/\/smartcentralvacuums.com\/","name":"SMART","description":"Central Vacuum Systems","potentialAction":[{"@type":"SearchAction","target":{"@type":"EntryPoint","urlTemplate":"https:\/\/smartcentralvacuums.com\/?s={search_term_string}"},"query-input":"required name=search_term_string"}],"inLanguage":"fr-FR"}]}},"_links":{"self":[{"href":"https:\/\/smartcentralvacuums.com\/fr\/wp-json\/wp\/v2\/pages\/1576"}],"collection":[{"href":"https:\/\/smartcentralvacuums.com\/fr\/wp-json\/wp\/v2\/pages"}],"about":[{"href":"https:\/\/smartcentralvacuums.com\/fr\/wp-json\/wp\/v2\/types\/page"}],"author":[{"embeddable":true,"href":"https:\/\/smartcentralvacuums.com\/fr\/wp-json\/wp\/v2\/users\/4"}],"replies":[{"embeddable":true,"href":"https:\/\/smartcentralvacuums.com\/fr\/wp-json\/wp\/v2\/comments?post=1576"}],"version-history":[{"count":29,"href":"https:\/\/smartcentralvacuums.com\/fr\/wp-json\/wp\/v2\/pages\/1576\/revisions"}],"predecessor-version":[{"id":6490,"href":"https:\/\/smartcentralvacuums.com\/fr\/wp-json\/wp\/v2\/pages\/1576\/revisions\/6490"}],"wp:attachment":[{"href":"https:\/\/smartcentralvacuums.com\/fr\/wp-json\/wp\/v2\/media?parent=1576"}],"curies":[{"name":"wp","href":"https:\/\/api.w.org\/{rel}","templated":true}]}}